{"id":87,"date":"2023-06-20T23:06:04","date_gmt":"2023-06-20T21:06:04","guid":{"rendered":"https:\/\/robus.pl\/?page_id=87"},"modified":"2023-06-23T22:42:11","modified_gmt":"2023-06-23T20:42:11","slug":"zajecia","status":"publish","type":"page","link":"https:\/\/robus.pl\/?page_id=87","title":{"rendered":"Zaj\u0119cia"},"content":{"rendered":"<p>[et_pb_section fb_built=&#8221;1&#8243; prev_background_color=&#8221;#ffffff&#8221; admin_label=&#8221;Header&#8221; _builder_version=&#8221;4.21.0&#8243; _module_preset=&#8221;default&#8221; background_color=&#8221;#D1E18B&#8221; background_image=&#8221;http:\/\/robus.pl\/wp-content\/uploads\/2023\/06\/Bez-tytulu-Zdjecie-w-tle-na-Facebooka-3.png&#8221; parallax=&#8221;on&#8221; background_blend=&#8221;overlay&#8221; custom_padding=&#8221;||0px|||&#8221; top_divider_style=&#8221;mountains&#8221; bottom_divider_color=&#8221;#FFFFFF&#8221; global_colors_info=&#8221;{%22gcid-bafd0c31-2a11-4c7d-b3a8-caae4a4218d9%22:%91%22background_color%22%93}&#8221;][et_pb_row _builder_version=&#8221;4.21.0&#8243; _module_preset=&#8221;default&#8221; z_index=&#8221;10&#8243; global_colors_info=&#8221;{}&#8221;][et_pb_column type=&#8221;4_4&#8243; _builder_version=&#8221;4.16&#8243; _module_preset=&#8221;default&#8221; custom_padding=&#8221;10%||||false|false&#8221; global_colors_info=&#8221;{}&#8221;][et_pb_text content_tablet=&#8221;<\/p>\n<h1 style=%22text-align: center;%22><span style=%22color: #ffffff;%22>Zaj\u0119cia<\/span><\/h1>\n<p>&#8221; content_phone=&#8221;<\/p>\n<h1 style=%22text-align: center;%22><span style=%22color: #ffffff;%22>Zaj\u0119cia<\/span><\/h1>\n<p>&#8221; content_last_edited=&#8221;on|phone&#8221; _builder_version=&#8221;4.21.0&#8243; _module_preset=&#8221;e864d11f-3dab-4fa3-ac06-4f0e1a260807&#8243; text_font=&#8221;Montserrat||||||||&#8221; text_font_size=&#8221;22px&#8221; header_font=&#8221;Bodoni Moda|700|||||||&#8221; header_text_align=&#8221;center&#8221; header_text_color=&#8221;#7c7c7c&#8221; header_font_size=&#8221;78px&#8221; header_line_height=&#8221;1.1em&#8221; background_color=&#8221;RGBA(255,255,255,0)&#8221; width=&#8221;100%&#8221; max_width=&#8221;100%&#8221; custom_margin=&#8221;||10px||false|false&#8221; hover_enabled=&#8221;0&#8243; header_font_size_tablet=&#8221;73px&#8221; header_font_size_phone=&#8221;45px&#8221; header_font_size_last_edited=&#8221;on|phone&#8221; locked=&#8221;off&#8221; global_colors_info=&#8221;{}&#8221; sticky_enabled=&#8221;0&#8243;]<\/p>\n<h1 style=\"text-align: center;\"><span style=\"color: #ffffff;\">Zaj\u0119cia<\/span><\/h1>\n<p>[\/et_pb_text][\/et_pb_column][\/et_pb_row][\/et_pb_section][et_pb_section fb_built=&#8221;1&#8243; _builder_version=&#8221;4.21.0&#8243; _module_preset=&#8221;default&#8221; background_color=&#8221;rgba(239,180,202,0.29)&#8221; top_divider_style=&#8221;mountains&#8221; top_divider_color=&#8221;#FFFFFF&#8221; bottom_divider_style=&#8221;mountains&#8221; bottom_divider_color=&#8221;#FFFFFF&#8221; global_colors_info=&#8221;{}&#8221;][et_pb_row column_structure=&#8221;1_2,1_2&#8243; _builder_version=&#8221;4.21.0&#8243; _module_preset=&#8221;default&#8221; animation_style=&#8221;fade&#8221; global_colors_info=&#8221;{}&#8221;][et_pb_column type=&#8221;1_2&#8243; _builder_version=&#8221;4.21.0&#8243; _module_preset=&#8221;default&#8221; global_colors_info=&#8221;{}&#8221;][et_pb_text _builder_version=&#8221;4.21.0&#8243; _module_preset=&#8221;default&#8221; text_font=&#8221;Lato||||||||&#8221; text_text_color=&#8221;#000000&#8243; text_font_size=&#8221;17px&#8221; text_line_height=&#8221;1.8em&#8221; header_font=&#8221;Lato|700|||||||&#8221; header_text_color=&#8221;#000000&#8243; global_colors_info=&#8221;{}&#8221;]<\/p>\n<p><strong>Zaj\u0119cia wliczone w czesne:<\/strong><\/p>\n<ul>\n<li>angielski<\/li>\n<li>rytmika<\/li>\n<li>koretyktywa<\/li>\n<li>konsultacja logopedyczna<\/li>\n<li>konsultacja psychologiczna<\/li>\n<\/ul>\n<p><strong>Opr\u00f3cz zaj\u0119\u0107 wpisanych w plan dydatktyczny, w czesne wliczone s\u0105\u00a0 wydarzenia tj:<\/strong><\/p>\n<ul>\n<li>teatrzyki<\/li>\n<li>zaj\u0119cia przyrodnicze<\/li>\n<li>urodzinki<\/li>\n<li>sensoplatyka<\/li>\n<li>wydarzenia sportowe<\/li>\n<li>kuchcikowo<\/li>\n<li>eksperymenty fizyczne i chemiczne<\/li>\n<li>koncerty<\/li>\n<li>wyst\u0119py przedszkolak\u00f3w<\/li>\n<li>bajkoterapia<\/li>\n<li>muzykoterapia<\/li>\n<\/ul>\n<p><strong>Zaj\u0119cia dodatkowe:<\/strong><\/p>\n<ul>\n<li>legorobotyka<\/li>\n<li>Mathrider<\/li>\n<li>taniec<\/li>\n<li>balet<\/li>\n<li>zaj\u0119cia Play Therapy<\/li>\n<li>cykliczne konsultacje logopedyczne<\/li>\n<li>cykliczne konsultacje psychologiczne<\/li>\n<li>judo<\/li>\n<li>zaj\u0119cia sportowe<\/li>\n<\/ul>\n<p><strong>Opr\u00f3cz zaj\u0119c dydaktycznych organizujemy naszym podopiecznym wycieczki, wydarzenia kulturalne, olimpiady sportowe, dni otwarte z rodzicami, wyst\u0119py i codzienne atrakcje uzale\u017cnione od potrzeb maluch\u00f3w.\u00a0<\/strong><\/p>\n<p>[\/et_pb_text][et_pb_button button_url=&#8221;@ET-DC@eyJkeW5hbWljIjp0cnVlLCJjb250ZW50IjoicG9zdF9saW5rX3VybF9wYWdlIiwic2V0dGluZ3MiOnsicG9zdF9pZCI6IjMwNCJ9fQ==@&#8221; button_text=&#8221;POZNAJ NASZ\u0104 KADR\u0118&#8221; _builder_version=&#8221;4.21.0&#8243; _dynamic_attributes=&#8221;button_url&#8221; _module_preset=&#8221;default&#8221; custom_button=&#8221;on&#8221; button_text_color=&#8221;#FFFFFF&#8221; button_bg_color=&#8221;#8300E9&#8243; button_border_radius=&#8221;100px&#8221; button_font=&#8221;Lato|700|||||||&#8221; animation_style=&#8221;fade&#8221; box_shadow_style=&#8221;preset2&#8243; global_colors_info=&#8221;{}&#8221;][\/et_pb_button][\/et_pb_column][et_pb_column type=&#8221;1_2&#8243; _builder_version=&#8221;4.21.0&#8243; _module_preset=&#8221;default&#8221; global_colors_info=&#8221;{}&#8221;][et_pb_image src=&#8221;http:\/\/robus.pl\/wp-content\/uploads\/2023\/06\/Projekt-bez-nazwy-2.png&#8221; title_text=&#8221;Projekt bez nazwy (2)&#8221; align=&#8221;center&#8221; _builder_version=&#8221;4.21.0&#8243; _module_preset=&#8221;default&#8221; box_shadow_style=&#8221;preset2&#8243; global_colors_info=&#8221;{}&#8221;][\/et_pb_image][\/et_pb_column][\/et_pb_row][\/et_pb_section][et_pb_section fb_built=&#8221;1&#8243; admin_label=&#8221;Footer&#8221; _builder_version=&#8221;4.21.0&#8243; _module_preset=&#8221;default&#8221; background_color=&#8221;#60E2E1&#8243; custom_padding=&#8221;5vw||||false|false&#8221; top_divider_style=&#8221;arrow3&#8243; top_divider_color=&#8221;#FFFFFF&#8221; global_colors_info=&#8221;{%22gcid-bafd0c31-2a11-4c7d-b3a8-caae4a4218d9%22:%91%22background_color%22%93}&#8221;][et_pb_row _builder_version=&#8221;4.21.0&#8243; _module_preset=&#8221;default&#8221; global_colors_info=&#8221;{}&#8221;][et_pb_column type=&#8221;4_4&#8243; _builder_version=&#8221;4.16&#8243; _module_preset=&#8221;default&#8221; global_colors_info=&#8221;{}&#8221;][et_pb_text _builder_version=&#8221;4.21.0&#8243; _module_preset=&#8221;df96b77a-cd4f-44a8-a771-2d6347592b53&#8243; header_font=&#8221;Bodoni Moda||||||||&#8221; header_text_color=&#8221;#FF87B4&#8243; header_2_font=&#8221;Heebo|700|||||||&#8221; header_2_text_color=&#8221;#15414a&#8221; header_2_font_size=&#8221;55px&#8221; header_2_line_height=&#8221;1.1em&#8221; custom_margin=&#8221;||10px||false|false&#8221; header_2_font_size_tablet=&#8221;32px&#8221; header_2_font_size_phone=&#8221;20px&#8221; header_2_font_size_last_edited=&#8221;on|desktop&#8221; global_colors_info=&#8221;{}&#8221;]<\/p>\n<h2><span style=\"color: #ffffff;\">Poznajmy si\u0119 osobi\u015bcie!<\/span><\/h2>\n<p>[\/et_pb_text][et_pb_text content_tablet=&#8221;<\/p>\n<p style=%22text-align: left;%22>Je\u017celi chcieliby\u015bcie pozna\u0107 nas osobi\u015bcie &#8211; <strong>zapraszamy!<\/strong> W ka\u017cdej chwili mo\u017cemy um\u00f3wi\u0107 si\u0119 z Wami i Waszym Maluchem, aby\u015bcie poznali nasze przedszkole od \u015brodka.<\/p>\n<p style=%22text-align: left;%22>Wystarczy, \u017ce do nas zadzwonisz\/napiszesz \ud83d\ude42<\/p>\n<p style=%22text-align: left;%22><strong>Zobacz te\u017c odpowiedzi na najcz\u0119\u015bciej zadawane nam pytania.<\/strong><\/p>\n<p>&#8221; content_phone=&#8221;<\/p>\n<p style=%22text-align: left;%22>Je\u017celi chcieliby\u015bcie pozna\u0107 nas osobi\u015bcie &#8211; <strong>zapraszamy!<\/strong> W ka\u017cdej chwili mo\u017cemy um\u00f3wi\u0107 si\u0119 z Wami i Waszym Maluchem, aby\u015bcie poznali nasze przedszkole od \u015brodka.<\/p>\n<p style=%22text-align: left;%22>Wystarczy, \u017ce do nas zadzwonisz\/napiszesz \ud83d\ude42<\/p>\n<p style=%22text-align: left;%22><strong>Zobacz te\u017c odpowiedzi na najcz\u0119\u015bciej zadawane nam pytania.<\/strong><\/p>\n<p>&#8221; content_last_edited=&#8221;on|phone&#8221; _builder_version=&#8221;4.21.0&#8243; _module_preset=&#8221;5ff55506-da7d-4dd7-b409-9d62c7203201&#8243; text_font=&#8221;Lato||||||||&#8221; text_text_color=&#8221;#000000&#8243; text_font_size=&#8221;16px&#8221; text_line_height=&#8221;1.8em&#8221; link_text_color=&#8221;#FF5D67&#8243; max_width=&#8221;650px&#8221; module_alignment=&#8221;left&#8221; text_font_size_tablet=&#8221;15px&#8221; text_font_size_phone=&#8221;14px&#8221; text_font_size_last_edited=&#8221;on|phone&#8221; header_font_size_tablet=&#8221;55px&#8221; header_font_size_last_edited=&#8221;off|desktop&#8221; global_colors_info=&#8221;{%22gcid-8b305f9d-4844-4604-ba06-445166ebe5d6%22:%91%22text_text_color%22%93}&#8221;]<\/p>\n<p>Je\u017celi chcieliby\u015bcie pozna\u0107 nas osobi\u015bcie &#8211; <strong>zapraszamy!<\/strong> W ka\u017cdej chwili mo\u017cemy um\u00f3wi\u0107 si\u0119 z Wami i Waszym Maluchem, aby\u015bcie poznali nasze przedszkole od \u015brodka.<\/p>\n<p style=\"text-align: left;\">Wystarczy, \u017ce do nas zadzwonisz\/napiszesz \ud83d\ude42<\/p>\n<p style=\"text-align: left;\"><strong>Zobacz te\u017c odpowiedzi na najcz\u0119\u015bciej zadawane nam pytania.<\/strong><\/p>\n<p>[\/et_pb_text][et_pb_button button_url=&#8221;@ET-DC@eyJkeW5hbWljIjp0cnVlLCJjb250ZW50IjoicG9zdF9saW5rX3VybF9wYWdlIiwic2V0dGluZ3MiOnsicG9zdF9pZCI6IjI1MiJ9fQ==@&#8221; button_text=&#8221;NAJCZ\u0118\u015aCIEJ ZADAWANE PYTANIA&#8221; _builder_version=&#8221;4.21.0&#8243; _dynamic_attributes=&#8221;button_url&#8221; _module_preset=&#8221;94ef7aca-dcd9-4f9d-93b2-efa3466cebc7&#8243; custom_button=&#8221;on&#8221; button_text_size=&#8221;14px&#8221; button_text_color=&#8221;#FFFFFF&#8221; button_bg_color=&#8221;#FF87B4&#8243; button_bg_enable_image=&#8221;off&#8221; button_border_width=&#8221;0px&#8221; button_border_color=&#8221;#FFFFFF&#8221; button_border_radius=&#8221;100px&#8221; button_letter_spacing=&#8221;1px&#8221; button_font=&#8221;Lato|800||on|||||&#8221; custom_padding=&#8221;16px|20px|16px|20px|true|true&#8221; box_shadow_style=&#8221;preset1&#8243; box_shadow_color=&#8221;rgba(21,65,74,0.24)&#8221; global_colors_info=&#8221;{}&#8221; button_border_width__hover_enabled=&#8221;off|desktop&#8221; button_border_width__hover=&#8221;5px&#8221;][\/et_pb_button][\/et_pb_column][\/et_pb_row][\/et_pb_section]<\/p>\n","protected":false},"excerpt":{"rendered":"<p>Zaj\u0119ciaZaj\u0119cia wliczone w czesne: angielski rytmika koretyktywa konsultacja logopedyczna konsultacja psychologiczna Opr\u00f3cz zaj\u0119\u0107 wpisanych w plan dydatktyczny, w czesne wliczone s\u0105\u00a0 wydarzenia tj: teatrzyki zaj\u0119cia przyrodnicze urodzinki sensoplatyka wydarzenia sportowe kuchcikowo eksperymenty fizyczne i chemiczne koncerty wyst\u0119py przedszkolak\u00f3w bajkoterapia muzykoterapia Zaj\u0119cia dodatkowe: legorobotyka Mathrider taniec balet zaj\u0119cia Play Therapy cykliczne konsultacje logopedyczne cykliczne konsultacje psychologiczne [&hellip;]<\/p>\n","protected":false},"author":1,"featured_media":0,"parent":47,"menu_order":3,"comment_status":"closed","ping_status":"closed","template":"","meta":{"_et_pb_use_builder":"on","_et_pb_old_content":"","_et_gb_content_width":"","footnotes":""},"class_list":["post-87","page","type-page","status-publish","hentry"],"_links":{"self":[{"href":"https:\/\/robus.pl\/index.php?rest_route=\/wp\/v2\/pages\/87","targetHints":{"allow":["GET"]}}],"collection":[{"href":"https:\/\/robus.pl\/index.php?rest_route=\/wp\/v2\/pages"}],"about":[{"href":"https:\/\/robus.pl\/index.php?rest_route=\/wp\/v2\/types\/page"}],"author":[{"embeddable":true,"href":"https:\/\/robus.pl\/index.php?rest_route=\/wp\/v2\/users\/1"}],"replies":[{"embeddable":true,"href":"https:\/\/robus.pl\/index.php?rest_route=%2Fwp%2Fv2%2Fcomments&post=87"}],"version-history":[{"count":5,"href":"https:\/\/robus.pl\/index.php?rest_route=\/wp\/v2\/pages\/87\/revisions"}],"predecessor-version":[{"id":673,"href":"https:\/\/robus.pl\/index.php?rest_route=\/wp\/v2\/pages\/87\/revisions\/673"}],"up":[{"embeddable":true,"href":"https:\/\/robus.pl\/index.php?rest_route=\/wp\/v2\/pages\/47"}],"wp:attachment":[{"href":"https:\/\/robus.pl\/index.php?rest_route=%2Fwp%2Fv2%2Fmedia&parent=87"}],"curies":[{"name":"wp","href":"https:\/\/api.w.org\/{rel}","templated":true}]}}