{"id":83,"date":"2023-06-20T23:04:52","date_gmt":"2023-06-20T21:04:52","guid":{"rendered":"https:\/\/robus.pl\/?page_id=83"},"modified":"2023-06-23T22:42:40","modified_gmt":"2023-06-23T20:42:40","slug":"plan-dnia","status":"publish","type":"page","link":"https:\/\/robus.pl\/?page_id=83","title":{"rendered":"Plan dnia"},"content":{"rendered":"<p>[et_pb_section fb_built=&#8221;1&#8243; prev_background_color=&#8221;#ffffff&#8221; admin_label=&#8221;Header&#8221; _builder_version=&#8221;4.21.0&#8243; _module_preset=&#8221;default&#8221; background_color=&#8221;RGBA(255,255,255,0)&#8221; background_image=&#8221;http:\/\/robus.pl\/wp-content\/uploads\/2023\/06\/E6BC9D61-83F0-42D7-8C75-95F90F0EB8AE.png&#8221; parallax=&#8221;on&#8221; background_blend=&#8221;overlay&#8221; custom_padding=&#8221;||0px|||&#8221; top_divider_style=&#8221;mountains&#8221; bottom_divider_color=&#8221;#FFFFFF&#8221; global_colors_info=&#8221;{%22gcid-bafd0c31-2a11-4c7d-b3a8-caae4a4218d9%22:%91%22background_color%22%93}&#8221;][et_pb_row _builder_version=&#8221;4.21.0&#8243; _module_preset=&#8221;default&#8221; z_index=&#8221;10&#8243; global_colors_info=&#8221;{}&#8221;][et_pb_column type=&#8221;4_4&#8243; _builder_version=&#8221;4.16&#8243; _module_preset=&#8221;default&#8221; custom_padding=&#8221;10%||||false|false&#8221; global_colors_info=&#8221;{}&#8221;][et_pb_text content_tablet=&#8221;<\/p>\n<h1 style=%22text-align: center;%22><\/h1>\n<h1 style=%22text-align: center;%22><span style=%22color: #ffffff;%22>Plan dnia<\/span><\/h1>\n<p>&#8221; content_phone=&#8221;<\/p>\n<h1 style=%22text-align: center;%22><\/h1>\n<h1 style=%22text-align: center;%22><span style=%22color: #ffffff;%22>Plan dnia<\/span><\/h1>\n<p>&#8221; content_last_edited=&#8221;on|phone&#8221; _builder_version=&#8221;4.21.0&#8243; _module_preset=&#8221;e864d11f-3dab-4fa3-ac06-4f0e1a260807&#8243; text_font=&#8221;Montserrat||||||||&#8221; text_font_size=&#8221;22px&#8221; header_font=&#8221;Bodoni Moda|700|||||||&#8221; header_text_align=&#8221;center&#8221; header_text_color=&#8221;#7c7c7c&#8221; header_font_size=&#8221;78px&#8221; header_line_height=&#8221;1.1em&#8221; background_color=&#8221;RGBA(255,255,255,0)&#8221; width=&#8221;100%&#8221; max_width=&#8221;100%&#8221; custom_margin=&#8221;||10px||false|false&#8221; header_font_size_tablet=&#8221;73px&#8221; header_font_size_phone=&#8221;45px&#8221; header_font_size_last_edited=&#8221;on|phone&#8221; locked=&#8221;off&#8221; global_colors_info=&#8221;{}&#8221;]<\/p>\n<h1 style=\"text-align: center;\"><span style=\"color: #ffffff;\">Plan dnia<\/span><\/h1>\n<p>[\/et_pb_text][\/et_pb_column][\/et_pb_row][\/et_pb_section][et_pb_section fb_built=&#8221;1&#8243; _builder_version=&#8221;4.21.0&#8243; _module_preset=&#8221;default&#8221; background_color=&#8221;#FFFFFF&#8221; top_divider_style=&#8221;mountains&#8221; top_divider_color=&#8221;#FFFFFF&#8221; bottom_divider_style=&#8221;mountains&#8221; bottom_divider_color=&#8221;#FFFFFF&#8221; global_colors_info=&#8221;{}&#8221;][et_pb_row column_structure=&#8221;1_3,1_3,1_3&#8243; _builder_version=&#8221;4.21.0&#8243; _module_preset=&#8221;default&#8221; animation_style=&#8221;fade&#8221; global_colors_info=&#8221;{}&#8221;][et_pb_column type=&#8221;1_3&#8243; _builder_version=&#8221;4.21.0&#8243; _module_preset=&#8221;default&#8221; box_shadow_style=&#8221;preset1&#8243; global_colors_info=&#8221;{}&#8221;][et_pb_blurb title=&#8221;7:00-12:00&#8243; use_icon=&#8221;on&#8221; font_icon=&#8221;&#x7d;||divi||400&#8243; icon_color=&#8221;#8300E9&#8243; _builder_version=&#8221;4.21.0&#8243; _module_preset=&#8221;default&#8221; header_font=&#8221;Lato|700|||||||&#8221; header_text_align=&#8221;center&#8221; header_text_color=&#8221;#8300E9&#8243; header_font_size=&#8221;32px&#8221; body_font=&#8221;Lato||||||||&#8221; body_text_color=&#8221;#000000&#8243; background_color=&#8221;rgba(239,180,202,0.44)&#8221; box_shadow_style=&#8221;preset2&#8243; global_colors_info=&#8221;{}&#8221;]<\/p>\n<div data-removefontsize=\"true\" data-originalcomputedfontsize=\"16\"><strong>7:00- 8:30\u00a0<\/strong> &#8211; schodzenie si\u0119 dzieci. Gry i zabawy dydaktyczne, zabawy konstrukcyjne, tematyczne, badawcze. Ogl\u0105danie ksi\u0105\u017cek, album\u00f3w, czasopism dzieci\u0119cych. Prace porz\u0105dkowe w sali<\/div>\n<div data-removefontsize=\"true\" data-originalcomputedfontsize=\"16\"><strong>8;30 -8:45<\/strong> Poranne \u0107wiczenia ruchowe<\/div>\n<div data-removefontsize=\"true\" data-originalcomputedfontsize=\"16\"><strong>8:45-9:00<\/strong> Czynno\u015bci higieniczne oraz przygotowanie do \u015bniadania<\/div>\n<div data-removefontsize=\"true\" data-originalcomputedfontsize=\"16\"><strong>9:00 &#8211; 9:30<\/strong> \u015aniadanie<\/div>\n<div data-removefontsize=\"true\" data-originalcomputedfontsize=\"16\"><strong>9:30-9:45<\/strong> przygotowanie do zaj\u0119\u0107<\/div>\n<div data-removefontsize=\"true\" data-originalcomputedfontsize=\"16\"><strong>9:45-10:30<\/strong> zaj\u0119cia dydaktyczne , b\u0119d\u0105ce realizacj\u0105 wybranych tre\u015bci z programu wychowania przedszkolnego<\/div>\n<div data-removefontsize=\"true\" data-originalcomputedfontsize=\"16\"><strong>10:30-11:30<\/strong> wyj\u015bcie do ogrodu &#8211; gry i zabawy ruchowe, obserwacje przyrodnicze, zabawy swobodne, prace porz\u0105dkowe<\/div>\n<div data-removefontsize=\"true\" data-originalcomputedfontsize=\"16\"><strong>11:30 -11;45<\/strong> Powr\u00f3t z ogrodu. Czynno\u015bci samoobs\u0142ugowe w sztni<\/div>\n<div data-removefontsize=\"true\" data-originalcomputedfontsize=\"16\"><strong>11:45-12:00<\/strong> Czynno\u015bci samoobs\u0142ugowe i higieniczne w \u0142azience, przygotowanie do obiadu<\/div>\n<p>[\/et_pb_blurb][\/et_pb_column][et_pb_column type=&#8221;1_3&#8243; _builder_version=&#8221;4.21.0&#8243; _module_preset=&#8221;default&#8221; box_shadow_style=&#8221;preset1&#8243; global_colors_info=&#8221;{}&#8221;][et_pb_blurb title=&#8221;12:00-14:20&#8243; use_icon=&#8221;on&#8221; font_icon=&#8221;&#xf185;||fa||400&#8243; icon_color=&#8221;#8300E9&#8243; _builder_version=&#8221;4.21.0&#8243; _module_preset=&#8221;default&#8221; header_font=&#8221;Lato|700|||||||&#8221; header_text_align=&#8221;center&#8221; header_text_color=&#8221;#8300E9&#8243; header_font_size=&#8221;32px&#8221; body_font=&#8221;Lato||||||||&#8221; body_text_color=&#8221;#000000&#8243; background_color=&#8221;#B1D5EF&#8221; box_shadow_style=&#8221;preset2&#8243; global_colors_info=&#8221;{}&#8221;]<\/p>\n<div data-removefontsize=\"true\" data-originalcomputedfontsize=\"16\">\n<div data-removefontsize=\"true\" data-originalcomputedfontsize=\"16\"><span><strong>12:00- 12:30<\/strong> Obiad<\/span><\/div>\n<div data-removefontsize=\"true\" data-originalcomputedfontsize=\"16\"><strong>12:30 -12:45<\/strong> Czynno\u015bci higieniczne &#8211; mycie z\u0105bk\u00f3w<\/div>\n<div data-removefontsize=\"true\" data-originalcomputedfontsize=\"16\"><strong>12:45 13:00<\/strong> Odpoczynek- s\u0142uchanie muzyki relaksacyjnej, wybranych pozycji z literatury dzieci\u0119cej<\/div>\n<div data-removefontsize=\"true\" data-originalcomputedfontsize=\"16\"><strong>13:00-14:20<\/strong> Gry zabawy dydaktyczne, zabawy konstrukcyjne, tematyczne, badawcze, zabawy ze \u015bpiewem, prace plastyczne, zabawy ruchowe. Zabawy dowolne w sali lub ogrodzie przedszkolnym<\/div>\n<div data-removefontsize=\"true\" data-originalcomputedfontsize=\"16\"><b>14:20-14:30<\/b> czynno\u015bci higieniczne w \u0142azience oraz przygotowanie do podwieczorku<\/div>\n<\/div>\n<p>[\/et_pb_blurb][\/et_pb_column][et_pb_column type=&#8221;1_3&#8243; _builder_version=&#8221;4.21.0&#8243; _module_preset=&#8221;default&#8221; box_shadow_style=&#8221;preset1&#8243; global_colors_info=&#8221;{}&#8221;][et_pb_blurb title=&#8221;14:20-18:00&#8243; use_icon=&#8221;on&#8221; font_icon=&#8221;&#xe102;||divi||400&#8243; icon_color=&#8221;#8300E9&#8243; _builder_version=&#8221;4.21.0&#8243; _module_preset=&#8221;default&#8221; header_font=&#8221;Lato|700|||||||&#8221; header_text_align=&#8221;center&#8221; header_text_color=&#8221;#8300E9&#8243; header_font_size=&#8221;32px&#8221; body_font=&#8221;Lato||||||||&#8221; body_text_color=&#8221;#000000&#8243; background_color=&#8221;#D1E18B&#8221; box_shadow_style=&#8221;preset2&#8243; global_colors_info=&#8221;{}&#8221;]<\/p>\n<div data-removefontsize=\"true\" data-originalcomputedfontsize=\"16\">\n<div data-removefontsize=\"true\" data-originalcomputedfontsize=\"16\"><strong>14:20-14:30<\/strong>\u00a0&#8211; czynno\u015bci higieniczne w \u0142azience oraz przygotowanie do podwieczorku<\/div>\n<div data-removefontsize=\"true\" data-originalcomputedfontsize=\"16\"><strong>14:30-14:45<\/strong>\u00a0&#8211; podwieczorek<\/div>\n<div data-removefontsize=\"true\" data-originalcomputedfontsize=\"16\"><strong>14:45 15:30<\/strong>\u00a0&#8211; zaj\u0119cia dodatkowe &#8211; prace indywidualne z dzie\u0107mi<\/div>\n<div data-removefontsize=\"true\" data-originalcomputedfontsize=\"16\"><strong>15:30 -18:00<\/strong>\u00a0&#8211; zabawy odpowiadaj\u0105ce zainteresowaniom dzieci. Prace porz\u0105dkowe, zabawy dowolne w k\u0105cikach zainteresowa\u0144 Rozchodzenie si\u0119 dzieci<\/div>\n<\/div>\n<p>[\/et_pb_blurb][\/et_pb_column][\/et_pb_row][\/et_pb_section][et_pb_section fb_built=&#8221;1&#8243; admin_label=&#8221;Footer&#8221; _builder_version=&#8221;4.21.0&#8243; _module_preset=&#8221;default&#8221; background_color=&#8221;#60E2E1&#8243; custom_padding=&#8221;5vw||||false|false&#8221; top_divider_style=&#8221;arrow3&#8243; top_divider_color=&#8221;#FFFFFF&#8221; global_colors_info=&#8221;{%22gcid-bafd0c31-2a11-4c7d-b3a8-caae4a4218d9%22:%91%22background_color%22%93}&#8221;][et_pb_row _builder_version=&#8221;4.21.0&#8243; _module_preset=&#8221;default&#8221; global_colors_info=&#8221;{}&#8221;][et_pb_column type=&#8221;4_4&#8243; _builder_version=&#8221;4.16&#8243; _module_preset=&#8221;default&#8221; global_colors_info=&#8221;{}&#8221;][et_pb_text _builder_version=&#8221;4.21.0&#8243; _module_preset=&#8221;df96b77a-cd4f-44a8-a771-2d6347592b53&#8243; header_font=&#8221;Bodoni Moda||||||||&#8221; header_text_color=&#8221;#FF87B4&#8243; header_2_font=&#8221;Heebo|700|||||||&#8221; header_2_text_color=&#8221;#15414a&#8221; header_2_font_size=&#8221;55px&#8221; header_2_line_height=&#8221;1.1em&#8221; custom_margin=&#8221;||10px||false|false&#8221; header_2_font_size_tablet=&#8221;32px&#8221; header_2_font_size_phone=&#8221;20px&#8221; header_2_font_size_last_edited=&#8221;on|desktop&#8221; global_colors_info=&#8221;{}&#8221;]<\/p>\n<h2><span style=\"color: #ffffff;\">Poznajmy si\u0119 osobi\u015bcie!<\/span><\/h2>\n<p>[\/et_pb_text][et_pb_text content_tablet=&#8221;<\/p>\n<p style=%22text-align: left;%22>Je\u017celi chcieliby\u015bcie pozna\u0107 nas osobi\u015bcie &#8211; <strong>zapraszamy!<\/strong> W ka\u017cdej chwili mo\u017cemy um\u00f3wi\u0107 si\u0119 z Wami i Waszym Maluchem, aby\u015bcie poznali nasze przedszkole od \u015brodka.<\/p>\n<p style=%22text-align: left;%22>Wystarczy, \u017ce do nas zadzwonisz\/napiszesz \ud83d\ude42<\/p>\n<p style=%22text-align: left;%22><strong>Zobacz te\u017c odpowiedzi na najcz\u0119\u015bciej zadawane nam pytania.<\/strong><\/p>\n<p>&#8221; content_phone=&#8221;<\/p>\n<p style=%22text-align: left;%22>Je\u017celi chcieliby\u015bcie pozna\u0107 nas osobi\u015bcie &#8211; <strong>zapraszamy!<\/strong> W ka\u017cdej chwili mo\u017cemy um\u00f3wi\u0107 si\u0119 z Wami i Waszym Maluchem, aby\u015bcie poznali nasze przedszkole od \u015brodka.<\/p>\n<p style=%22text-align: left;%22><strong>Wystarczy, \u017ce do nas zadzwonisz\/napiszesz \ud83d\ude42<\/strong><\/p>\n<p>&#8221; content_last_edited=&#8221;on|phone&#8221; _builder_version=&#8221;4.21.0&#8243; _module_preset=&#8221;5ff55506-da7d-4dd7-b409-9d62c7203201&#8243; text_font=&#8221;Lato||||||||&#8221; text_text_color=&#8221;#000000&#8243; text_font_size=&#8221;16px&#8221; text_line_height=&#8221;1.8em&#8221; link_text_color=&#8221;#FF5D67&#8243; max_width=&#8221;650px&#8221; module_alignment=&#8221;left&#8221; text_font_size_tablet=&#8221;15px&#8221; text_font_size_phone=&#8221;14px&#8221; text_font_size_last_edited=&#8221;on|phone&#8221; header_font_size_tablet=&#8221;55px&#8221; header_font_size_last_edited=&#8221;off|desktop&#8221; global_colors_info=&#8221;{%22gcid-8b305f9d-4844-4604-ba06-445166ebe5d6%22:%91%22text_text_color%22%93}&#8221;]<\/p>\n<p>Je\u017celi chcieliby\u015bcie pozna\u0107 nas osobi\u015bcie &#8211; <strong>zapraszamy!<\/strong> W ka\u017cdej chwili mo\u017cemy um\u00f3wi\u0107 si\u0119 z Wami i Waszym Maluchem, aby\u015bcie poznali nasze przedszkole od \u015brodka.<\/p>\n<p style=\"text-align: left;\">Wystarczy, \u017ce do nas zadzwonisz\/napiszesz \ud83d\ude42<\/p>\n<p style=\"text-align: left;\"><strong>Zobacz te\u017c odpowiedzi na najcz\u0119\u015bciej zadawane nam pytania.<\/strong><\/p>\n<p>[\/et_pb_text][et_pb_button button_url=&#8221;@ET-DC@eyJkeW5hbWljIjp0cnVlLCJjb250ZW50IjoicG9zdF9saW5rX3VybF9wYWdlIiwic2V0dGluZ3MiOnsicG9zdF9pZCI6IjE2MyJ9fQ==@&#8221; button_text=&#8221;Skontaktuj si\u0119 z nami&#8221; _builder_version=&#8221;4.21.0&#8243; _dynamic_attributes=&#8221;button_url&#8221; _module_preset=&#8221;94ef7aca-dcd9-4f9d-93b2-efa3466cebc7&#8243; custom_button=&#8221;on&#8221; button_text_size=&#8221;14px&#8221; button_text_color=&#8221;#FFFFFF&#8221; button_bg_color=&#8221;#FF87B4&#8243; button_bg_enable_image=&#8221;off&#8221; button_border_width=&#8221;0px&#8221; button_border_color=&#8221;#FFFFFF&#8221; button_border_radius=&#8221;100px&#8221; button_letter_spacing=&#8221;1px&#8221; button_font=&#8221;Lato|800||on|||||&#8221; custom_padding=&#8221;16px|20px|16px|20px|true|true&#8221; box_shadow_style=&#8221;preset1&#8243; box_shadow_color=&#8221;rgba(21,65,74,0.24)&#8221; global_colors_info=&#8221;{}&#8221; button_border_width__hover_enabled=&#8221;off|desktop&#8221; button_border_width__hover=&#8221;5px&#8221;][\/et_pb_button][\/et_pb_column][\/et_pb_row][\/et_pb_section]<\/p>\n","protected":false},"excerpt":{"rendered":"<p>Plan dnia7:00- 8:30\u00a0 &#8211; schodzenie si\u0119 dzieci. Gry i zabawy dydaktyczne, zabawy konstrukcyjne, tematyczne, badawcze. Ogl\u0105danie ksi\u0105\u017cek, album\u00f3w, czasopism dzieci\u0119cych. Prace porz\u0105dkowe w sali 8;30 -8:45 Poranne \u0107wiczenia ruchowe 8:45-9:00 Czynno\u015bci higieniczne oraz przygotowanie do \u015bniadania 9:00 &#8211; 9:30 \u015aniadanie 9:30-9:45 przygotowanie do zaj\u0119\u0107 9:45-10:30 zaj\u0119cia dydaktyczne , b\u0119d\u0105ce realizacj\u0105 wybranych tre\u015bci z programu wychowania [&hellip;]<\/p>\n","protected":false},"author":1,"featured_media":0,"parent":47,"menu_order":2,"comment_status":"closed","ping_status":"closed","template":"","meta":{"_et_pb_use_builder":"on","_et_pb_old_content":"","_et_gb_content_width":"","footnotes":""},"class_list":["post-83","page","type-page","status-publish","hentry"],"_links":{"self":[{"href":"https:\/\/robus.pl\/index.php?rest_route=\/wp\/v2\/pages\/83","targetHints":{"allow":["GET"]}}],"collection":[{"href":"https:\/\/robus.pl\/index.php?rest_route=\/wp\/v2\/pages"}],"about":[{"href":"https:\/\/robus.pl\/index.php?rest_route=\/wp\/v2\/types\/page"}],"author":[{"embeddable":true,"href":"https:\/\/robus.pl\/index.php?rest_route=\/wp\/v2\/users\/1"}],"replies":[{"embeddable":true,"href":"https:\/\/robus.pl\/index.php?rest_route=%2Fwp%2Fv2%2Fcomments&post=83"}],"version-history":[{"count":16,"href":"https:\/\/robus.pl\/index.php?rest_route=\/wp\/v2\/pages\/83\/revisions"}],"predecessor-version":[{"id":674,"href":"https:\/\/robus.pl\/index.php?rest_route=\/wp\/v2\/pages\/83\/revisions\/674"}],"up":[{"embeddable":true,"href":"https:\/\/robus.pl\/index.php?rest_route=\/wp\/v2\/pages\/47"}],"wp:attachment":[{"href":"https:\/\/robus.pl\/index.php?rest_route=%2Fwp%2Fv2%2Fmedia&parent=83"}],"curies":[{"name":"wp","href":"https:\/\/api.w.org\/{rel}","templated":true}]}}