{"id":39,"date":"2023-06-20T21:54:30","date_gmt":"2023-06-20T19:54:30","guid":{"rendered":"https:\/\/robus.pl\/?page_id=39"},"modified":"2023-06-23T22:56:45","modified_gmt":"2023-06-23T20:56:45","slug":"strona-glowna","status":"publish","type":"page","link":"https:\/\/robus.pl\/","title":{"rendered":"STRONA G\u0141\u00d3WNA"},"content":{"rendered":"<p>[et_pb_section fb_built=&#8221;1&#8243; prev_background_color=&#8221;#ffffff&#8221; admin_label=&#8221;Header&#8221; _builder_version=&#8221;4.21.0&#8243; _module_preset=&#8221;default&#8221; background_color=&#8221;#EFB4CA&#8221; use_background_color_gradient=&#8221;on&#8221; background_color_gradient_stops=&#8221;#2b87da 0%|#29c4a9 15%&#8221; background_image=&#8221;http:\/\/robus.pl\/wp-content\/uploads\/2023\/06\/Bez-tytulu-Zdjecie-w-tle-na-Facebooka.png&#8221; background_blend=&#8221;overlay&#8221; custom_padding=&#8221;||0px|||&#8221; top_divider_style=&#8221;mountains&#8221; bottom_divider_style=&#8221;mountains&#8221; bottom_divider_color=&#8221;#FFFFFF&#8221; global_colors_info=&#8221;{%22gcid-bafd0c31-2a11-4c7d-b3a8-caae4a4218d9%22:%91%22background_color%22%93}&#8221;][et_pb_row column_structure=&#8221;1_2,1_2&#8243; _builder_version=&#8221;4.16&#8243; _module_preset=&#8221;default&#8221; z_index=&#8221;10&#8243; global_colors_info=&#8221;{}&#8221;][et_pb_column type=&#8221;1_2&#8243; _builder_version=&#8221;4.16&#8243; _module_preset=&#8221;default&#8221; custom_padding=&#8221;10%||||false|false&#8221; global_colors_info=&#8221;{}&#8221;][et_pb_text content_tablet=&#8221;<\/p>\n<h1>Niepubliczne Przedszkole %22Robu\u015b%22<\/h1>\n<p>&#8221; content_phone=&#8221;<\/p>\n<h1>Niepubliczne Przedszkole %22Robu\u015b%22<\/h1>\n<p>&#8221; content_last_edited=&#8221;on|tablet&#8221; _builder_version=&#8221;4.21.0&#8243; _module_preset=&#8221;e864d11f-3dab-4fa3-ac06-4f0e1a260807&#8243; text_font=&#8221;Montserrat||||||||&#8221; text_font_size=&#8221;15px&#8221; header_font=&#8221;Bodoni Moda|700|||||||&#8221; header_text_color=&#8221;#FFFFFF&#8221; header_font_size=&#8221;63px&#8221; header_line_height=&#8221;1.1em&#8221; width=&#8221;100%&#8221; max_width=&#8221;100%&#8221; custom_margin=&#8221;||10px||false|false&#8221; header_font_size_tablet=&#8221;73px&#8221; header_font_size_phone=&#8221;46px&#8221; header_font_size_last_edited=&#8221;on|tablet&#8221; header_text_shadow_style=&#8221;preset3&#8243; header_text_shadow_color=&#8221;#60E2E1&#8243; locked=&#8221;off&#8221; global_colors_info=&#8221;{}&#8221;]<\/p>\n<h1>Niepubliczne Przedszkole &#8220;Robu\u015b&#8221;<\/h1>\n<p>[\/et_pb_text][et_pb_text _builder_version=&#8221;4.21.0&#8243; _module_preset=&#8221;41d5859c-fbaa-458a-88e4-5d886857f235&#8243; text_font=&#8221;Lato||||||||&#8221; text_text_color=&#8221;#15414a&#8221; text_font_size=&#8221;18px&#8221; text_line_height=&#8221;1.8em&#8221; text_font_size_tablet=&#8221;16px&#8221; text_font_size_phone=&#8221;14px&#8221; text_font_size_last_edited=&#8221;on|phone&#8221; locked=&#8221;off&#8221; global_colors_info=&#8221;{}&#8221;]<\/p>\n<p>Nasze <strong>kameralne, domowe<\/strong> przedszkole z<strong> blisko\u015bciowym podej\u015bciem do dziecka<\/strong> mie\u015bci si\u0119 w cichej okolicy blisko lasu w zielonej dzielnicy Warszawie- Weso\u0142ej. <strong>Dla nas dzieci s\u0105 najwa\u017cniejsze \ud83d\ude42<\/strong> Je\u017celi chcesz zapewni\u0107 swojemu dziecku miejsce pe\u0142ne empatii i troski,<strong> do\u0142\u0105cz do nas!<\/strong><\/p>\n<p>[\/et_pb_text][et_pb_button button_url=&#8221;@ET-DC@eyJkeW5hbWljIjp0cnVlLCJjb250ZW50IjoicG9zdF9saW5rX3VybF9wYWdlIiwic2V0dGluZ3MiOnsicG9zdF9pZCI6IjQxNSJ9fQ==@&#8221; button_text=&#8221;poznaj nas!&#8221; _builder_version=&#8221;4.21.0&#8243; _dynamic_attributes=&#8221;button_url&#8221; _module_preset=&#8221;94ef7aca-dcd9-4f9d-93b2-efa3466cebc7&#8243; custom_button=&#8221;on&#8221; button_text_size=&#8221;14px&#8221; button_text_color=&#8221;#FFFFFF&#8221; button_bg_color=&#8221;#FF87B4&#8243; button_bg_enable_image=&#8221;off&#8221; button_border_width=&#8221;2px&#8221; button_border_color=&#8221;#FFFFFF&#8221; button_border_radius=&#8221;100px&#8221; button_letter_spacing=&#8221;1px&#8221; button_font=&#8221;Lato|900||on|||||&#8221; button_use_icon=&#8221;off&#8221; custom_padding=&#8221;16px|20px|16px|20px|true|true&#8221; button_text_shadow_style=&#8221;preset3&#8243; box_shadow_style=&#8221;preset2&#8243; box_shadow_color=&#8221;rgba(21,65,74,0.24)&#8221; locked=&#8221;off&#8221; global_colors_info=&#8221;{}&#8221; button_border_width__hover_enabled=&#8221;off|desktop&#8221; button_border_width__hover=&#8221;5px&#8221;][\/et_pb_button][\/et_pb_column][et_pb_column type=&#8221;1_2&#8243; _builder_version=&#8221;4.16&#8243; _module_preset=&#8221;default&#8221; global_colors_info=&#8221;{}&#8221;][et_pb_image src=&#8221;http:\/\/robus.pl\/wp-content\/uploads\/2023\/06\/E117B37C-A779-40F4-B57B-D6E811AA651C-1.png&#8221; title_text=&#8221;C73DA22F-8308-4684-89FF-A7E221543E67&#8243; src_tablet=&#8221;http:\/\/robus.pl\/wp-content\/uploads\/2023\/06\/C73DA22F-8308-4684-89FF-A7E221543E67.png&#8221; src_phone=&#8221;http:\/\/robus.pl\/wp-content\/uploads\/2023\/06\/C73DA22F-8308-4684-89FF-A7E221543E67.png&#8221; src_last_edited=&#8221;on|desktop&#8221; _builder_version=&#8221;4.21.0&#8243; _module_preset=&#8221;default&#8221; animation_style=&#8221;fade&#8221; global_colors_info=&#8221;{}&#8221;][\/et_pb_image][\/et_pb_column][\/et_pb_row][\/et_pb_section][et_pb_section fb_built=&#8221;1&#8243; _builder_version=&#8221;4.21.0&#8243; _module_preset=&#8221;default&#8221; background_color=&#8221;rgba(239,180,202,0.42)&#8221; min_height=&#8221;219.3px&#8221; custom_padding=&#8221;||1px|||&#8221; top_divider_style=&#8221;mountains&#8221; top_divider_color=&#8221;#FFFFFF&#8221; bottom_divider_style=&#8221;mountains&#8221; bottom_divider_color=&#8221;#FFFFFF&#8221; hover_enabled=&#8221;0&#8243; global_colors_info=&#8221;{}&#8221; animation_style=&#8221;slide&#8221; sticky_enabled=&#8221;0&#8243;][et_pb_row _builder_version=&#8221;4.21.0&#8243; _module_preset=&#8221;default&#8221; hover_enabled=&#8221;0&#8243; global_colors_info=&#8221;{}&#8221; sticky_enabled=&#8221;0&#8243;][et_pb_column type=&#8221;4_4&#8243; _builder_version=&#8221;4.21.0&#8243; _module_preset=&#8221;default&#8221; global_colors_info=&#8221;{}&#8221;][et_pb_image src=&#8221;http:\/\/robus.pl\/wp-content\/uploads\/2023\/06\/od-2-roku-zycia.png&#8221; title_text=&#8221;od 2 roku \u017cycia&#8221; src_tablet=&#8221;http:\/\/robus.pl\/wp-content\/uploads\/2023\/06\/od-2-roku-zycia.png&#8221; src_phone=&#8221;http:\/\/robus.pl\/wp-content\/uploads\/2023\/06\/od-2-roku-zycia.png&#8221; src_last_edited=&#8221;on|desktop&#8221; _builder_version=&#8221;4.21.0&#8243; _module_preset=&#8221;default&#8221; global_colors_info=&#8221;{}&#8221;][\/et_pb_image][\/et_pb_column][\/et_pb_row][\/et_pb_section][et_pb_section fb_built=&#8221;1&#8243; _builder_version=&#8221;4.21.0&#8243; _module_preset=&#8221;default&#8221; global_colors_info=&#8221;{}&#8221;][et_pb_row column_structure=&#8221;1_3,1_3,1_3&#8243; _builder_version=&#8221;4.21.0&#8243; _module_preset=&#8221;default&#8221; global_colors_info=&#8221;{}&#8221;][et_pb_column type=&#8221;1_3&#8243; _builder_version=&#8221;4.21.0&#8243; _module_preset=&#8221;default&#8221; global_colors_info=&#8221;{}&#8221;][et_pb_testimonial author=&#8221;Magdalena Wojciechowska&#8221; quote_icon_color=&#8221;#000000&#8243; font_icon=&#8221;&#xf164;||fa||400&#8243; _builder_version=&#8221;4.21.0&#8243; _module_preset=&#8221;default&#8221; body_font=&#8221;Lato||||||||&#8221; body_text_color=&#8221;#000000&#8243; author_font=&#8221;Lato|700|||||||&#8221; background_color=&#8221;#B1D5EF&#8221; global_colors_info=&#8221;{}&#8221;]<\/p>\n<div dir=\"auto\"><em>&#8220;Przedszkole zaskarbi\u0142o sobie nasz\u0105 sympati\u0119 dzi\u0119ki wspania\u0142ej, wyrozumia\u0142ej kadrze, kt\u00f3ra tworzy domow\u0105 atmosfer\u0119 maluchom <span class=\"x3nfvp2 x1j61x8r x1fcty0u xdj266r xhhsvwb xat24cr xgzva0m xxymvpz xlup9mm x1kky2od\"><img loading=\"lazy\" decoding=\"async\" height=\"16\" width=\"16\" alt=\"\ud83d\ude42\" referrerpolicy=\"origin-when-cross-origin\" src=\"https:\/\/static.xx.fbcdn.net\/images\/emoji.php\/v9\/t4c\/1\/16\/1f642.png\" \/><\/span><\/em><\/div>\n<div dir=\"auto\"><em>lepszego wyboru nie mogli\u015bmy dokona\u0107,<\/em><\/div>\n<div dir=\"auto\"><em>szcz\u0119\u015bliwe dziecko = zadowoleni rodzice!<\/em><\/div>\n<div dir=\"auto\"><em>Gor\u0105co Polecam!&#8221;<\/em><\/div>\n<p>[\/et_pb_testimonial][\/et_pb_column][et_pb_column type=&#8221;1_3&#8243; _builder_version=&#8221;4.21.0&#8243; _module_preset=&#8221;default&#8221; global_colors_info=&#8221;{}&#8221;][et_pb_testimonial author=&#8221;Agata Nawrocka&#8221; quote_icon_color=&#8221;#000000&#8243; font_icon=&#8221;&#xf164;||fa||400&#8243; _builder_version=&#8221;4.21.0&#8243; _module_preset=&#8221;default&#8221; body_font=&#8221;Lato||||||||&#8221; body_text_color=&#8221;#000000&#8243; author_font=&#8221;Lato|700|||||||&#8221; background_color=&#8221;#EFB4CA&#8221; global_colors_info=&#8221;{}&#8221;]<\/p>\n<div dir=\"auto\"><em>&#8220;<span>Cudowne miejsce dla Ma\u0142ego Cz\u0142owieka. Empatia i indywidualne podej\u015bcie do dziecka, pe\u0142ne ciep\u0142a Panie Pedago\u017cki, kt\u00f3re odpowiadaj\u0105 na potrzeby malucha, pozostawiaj\u0105c jednocze\u015bnie dziecku przestrze\u0144 do rozwijania si\u0119 wed\u0142ug w\u0142asnego tempa, ch\u0119ci i indywidualnej wra\u017cliwo\u015bci. Niesamowicie m\u0105dra, profesjonalna kadra i domowa atmosfera, kt\u00f3r\u0105 czuje si\u0119 od samego wej\u015bcia. Polecam z ca\u0142ego serca!<\/span><\/em><em>&#8220;<\/em><\/div>\n<p>[\/et_pb_testimonial][\/et_pb_column][et_pb_column type=&#8221;1_3&#8243; _builder_version=&#8221;4.21.0&#8243; _module_preset=&#8221;default&#8221; global_colors_info=&#8221;{}&#8221;][et_pb_testimonial author=&#8221;Eliza Czech-Kin&#8221; quote_icon_color=&#8221;#000000&#8243; font_icon=&#8221;&#xf164;||fa||400&#8243; _builder_version=&#8221;4.21.0&#8243; _module_preset=&#8221;default&#8221; body_font=&#8221;Lato||||||||&#8221; body_text_color=&#8221;#000000&#8243; author_font=&#8221;Lato|700|||||||&#8221; background_color=&#8221;#D1E18B&#8221; global_colors_info=&#8221;{}&#8221;]<\/p>\n<div dir=\"auto\"><em>&#8220;<span>Najswpanialsze miejsce dla wszystkich dzieci. Wspania\u0142e dziewczyny kt\u00f3re wk\u0142adaj\u0105 ca\u0142e swoje serce i traktuj\u0105 wszystkie dzieci jak swoje. Z ca\u0142ego serca polecam. Moich dw\u00f3ch synk\u00f3w chodzi\u0142o i chodzi do Robusia i nie zamieni\u0142abym tego przedszkola na \u017cadne inne.<\/span><\/em><em>&#8220;<\/em><\/div>\n<p>[\/et_pb_testimonial][\/et_pb_column][\/et_pb_row][et_pb_row _builder_version=&#8221;4.21.0&#8243; _module_preset=&#8221;default&#8221; global_colors_info=&#8221;{}&#8221;][et_pb_column type=&#8221;4_4&#8243; _builder_version=&#8221;4.21.0&#8243; _module_preset=&#8221;default&#8221; global_colors_info=&#8221;{}&#8221;][et_pb_button button_url=&#8221;@ET-DC@eyJkeW5hbWljIjp0cnVlLCJjb250ZW50IjoicG9zdF9saW5rX3VybF9wYWdlIiwic2V0dGluZ3MiOnsicG9zdF9pZCI6IjQzNyJ9fQ==@&#8221; button_text=&#8221;Zobacz wszystkie opinie rodzic\u00f3w&#8221; button_alignment=&#8221;center&#8221; _builder_version=&#8221;4.21.0&#8243; _dynamic_attributes=&#8221;button_url&#8221; _module_preset=&#8221;default&#8221; custom_button=&#8221;on&#8221; button_text_color=&#8221;#FFFFFF&#8221; button_bg_color=&#8221;#FF87B4&#8243; button_border_radius=&#8221;100px&#8221; button_font=&#8221;Lato|700|||||||&#8221; box_shadow_style=&#8221;preset1&#8243; global_colors_info=&#8221;{}&#8221;][\/et_pb_button][\/et_pb_column][\/et_pb_row][\/et_pb_section][et_pb_section fb_built=&#8221;1&#8243; prev_background_color=&#8221;#ffffff&#8221; _builder_version=&#8221;4.21.0&#8243; _module_preset=&#8221;default&#8221; background_color=&#8221;rgba(198,155,232,0.82)&#8221; custom_padding=&#8221;0px|||||&#8221; top_divider_style=&#8221;mountains&#8221; bottom_divider_style=&#8221;mountains&#8221; bottom_divider_color=&#8221;#FFFFFF&#8221; global_colors_info=&#8221;{}&#8221;][et_pb_row _builder_version=&#8221;4.21.0&#8243; _module_preset=&#8221;default&#8221; global_colors_info=&#8221;{}&#8221;][et_pb_column type=&#8221;4_4&#8243; _builder_version=&#8221;4.21.0&#8243; _module_preset=&#8221;default&#8221; global_colors_info=&#8221;{}&#8221;][et_pb_text _builder_version=&#8221;4.21.0&#8243; _module_preset=&#8221;default&#8221; header_font=&#8221;Lato|700|||||||&#8221; global_colors_info=&#8221;{}&#8221;]<\/p>\n<h1 style=\"text-align: center;\"><span style=\"color: #000000;\">Zobacz nasz teledysk i poznaj nasze przedszkole!<\/span><\/h1>\n<p>[\/et_pb_text][et_pb_video src=&#8221;https:\/\/youtu.be\/x1orpWKpOo0&#8243; _builder_version=&#8221;4.21.0&#8243; _module_preset=&#8221;default&#8221; global_colors_info=&#8221;{}&#8221;][\/et_pb_video][\/et_pb_column][\/et_pb_row][\/et_pb_section][et_pb_section fb_built=&#8221;1&#8243; admin_label=&#8221;About&#8221; _builder_version=&#8221;4.21.0&#8243; _module_preset=&#8221;default&#8221; background_color=&#8221;rgba(189,218,239,0.52)&#8221; background_enable_image=&#8221;off&#8221; background_size=&#8221;initial&#8221; background_position=&#8221;bottom_center&#8221; background_vertical_offset=&#8221;32%&#8221; custom_padding=&#8221;7%||||false|false&#8221; top_divider_style=&#8221;mountains&#8221; top_divider_color=&#8221;#FFFFFF&#8221; bottom_divider_style=&#8221;mountains&#8221; bottom_divider_color=&#8221;#FFFFFF&#8221; locked=&#8221;off&#8221; global_colors_info=&#8221;{}&#8221;][et_pb_row _builder_version=&#8221;4.21.0&#8243; _module_preset=&#8221;default&#8221; global_colors_info=&#8221;{}&#8221;][et_pb_column type=&#8221;4_4&#8243; _builder_version=&#8221;4.21.0&#8243; _module_preset=&#8221;default&#8221; global_colors_info=&#8221;{}&#8221;][et_pb_text _builder_version=&#8221;4.21.0&#8243; _module_preset=&#8221;default&#8221; header_font=&#8221;Lato|700|||||||&#8221; global_colors_info=&#8221;{}&#8221;]<\/p>\n<h1 style=\"text-align: center;\"><span style=\"color: #000000;\">Nasze filary<\/span><\/h1>\n<p>[\/et_pb_text][\/et_pb_column][\/et_pb_row][et_pb_row column_structure=&#8221;1_4,1_4,1_4,1_4&#8243; _builder_version=&#8221;4.21.0&#8243; _module_preset=&#8221;default&#8221; background_color=&#8221;RGBA(255,255,255,0)&#8221; global_colors_info=&#8221;{}&#8221;][et_pb_column type=&#8221;1_4&#8243; _builder_version=&#8221;4.21.0&#8243; _module_preset=&#8221;default&#8221; background_color=&#8221;#EFB4CA&#8221; custom_padding=&#8221;30px|20px|30px|20px|true|true&#8221; custom_padding_tablet=&#8221;30px|30px|30px|30px|true|true&#8221; custom_padding_phone=&#8221;|20px||20px|true|true&#8221; custom_padding_last_edited=&#8221;off|desktop&#8221; animation_style=&#8221;fade&#8221; box_shadow_style=&#8221;preset1&#8243; global_colors_info=&#8221;{}&#8221;][et_pb_blurb title=&#8221;Blisko\u015bciowe podej\u015bcie do dziecka&#8221; use_icon=&#8221;on&#8221; font_icon=&#8221;&#xe030;||divi||400&#8243; icon_color=&#8221;#FFFFFF&#8221; image_icon_background_color=&#8221;RGBA(255,255,255,0)&#8221; _builder_version=&#8221;4.21.0&#8243; _module_preset=&#8221;58e41a12-d2dc-4bc3-82a3-e7e2a77a32bd&#8221; header_font=&#8221;Lato|700|||||||&#8221; header_text_align=&#8221;center&#8221; header_text_color=&#8221;#000000&#8243; header_line_height=&#8221;1.1em&#8221; body_font=&#8221;Lato||||||||&#8221; body_text_color=&#8221;#000000&#8243; background_color=&#8221;RGBA(255,255,255,0)&#8221; animation=&#8221;off&#8221; global_colors_info=&#8221;{}&#8221;]<\/p>\n<p>Wierzymy, \u017ce towarzyszenie dziecku we wszystkich emocjach, traktowanie jego potrzeb z szacunkiem i empati\u0105 to klucz do harmonijnego rozwoju. Doskonale zdajemy sobie spraw\u0119 z tego, \u017ce oddajecie w nasze r\u0119ce swoje najwi\u0119ksze skarby, wi\u0119c my opiekujemy si\u0119 nimi tak, jak sami chcieliby\u015bmy, aby kto\u015b zaopiekowa\u0142 si\u0119 naszymi dzie\u0107mi \ud83d\ude42<\/p>\n<p>[\/et_pb_blurb][\/et_pb_column][et_pb_column type=&#8221;1_4&#8243; _builder_version=&#8221;4.21.0&#8243; _module_preset=&#8221;default&#8221; background_color=&#8221;#EFB4CA&#8221; custom_padding=&#8221;30px|20px|30px|20px|true|true&#8221; animation_style=&#8221;fade&#8221; box_shadow_style=&#8221;preset1&#8243; global_colors_info=&#8221;{}&#8221;][et_pb_blurb title=&#8221;Do\u015bwiadczenie i kwalifikacje&#8221; use_icon=&#8221;on&#8221; font_icon=&#8221;&#x52;||divi||400&#8243; icon_color=&#8221;#FFFFFF&#8221; _builder_version=&#8221;4.21.0&#8243; _module_preset=&#8221;58e41a12-d2dc-4bc3-82a3-e7e2a77a32bd&#8221; header_font=&#8221;Lato|700|||||||&#8221; header_text_align=&#8221;center&#8221; header_text_color=&#8221;#000000&#8243; header_line_height=&#8221;1.1em&#8221; body_font=&#8221;Lato||||||||&#8221; body_text_color=&#8221;#000000&#8243; animation=&#8221;off&#8221; global_colors_info=&#8221;{}&#8221;]<\/p>\n<p><span>Mamy wieloletnie do\u015bwiadczenie w pracy pedagogicznej z dzie\u0107mi. Wszyscy pedagodzy pracuj\u0105cy w &#8220;Robusiu&#8221; to pe\u0142ni pasji i zaanga\u017cowania ludzie. Z nale\u017cyt\u0105 uwag\u0105 dobieramy kadr\u0119 tak, aby zapewni\u0107 maluchom opiek\u0119 na najwy\u017cszym poziomie. Nie boimy si\u0119 trudnych sytuacji, czy wyzwa\u0144 pedagogicznych. Jeste\u015bmy przygotowani na to, aby wspiera\u0107 dziecko w ka\u017cdej sytuacji i w ka\u017cdej napotkanej trudno\u015bci.<\/span><\/p>\n<p>[\/et_pb_blurb][\/et_pb_column][et_pb_column type=&#8221;1_4&#8243; _builder_version=&#8221;4.21.0&#8243; _module_preset=&#8221;default&#8221; background_color=&#8221;#EFB4CA&#8221; custom_padding=&#8221;30px|20px|30px|20px|true|true&#8221; animation_style=&#8221;fade&#8221; box_shadow_style=&#8221;preset1&#8243; global_colors_info=&#8221;{}&#8221;][et_pb_blurb title=&#8221;Indywidualne podej\u015bcie&#8221; use_icon=&#8221;on&#8221; font_icon=&#8221;&#xe106;||divi||400&#8243; icon_color=&#8221;#FFFFFF&#8221; _builder_version=&#8221;4.21.0&#8243; _module_preset=&#8221;58e41a12-d2dc-4bc3-82a3-e7e2a77a32bd&#8221; header_font=&#8221;Lato|700|||||||&#8221; header_text_align=&#8221;center&#8221; header_text_color=&#8221;#000000&#8243; header_line_height=&#8221;1.1em&#8221; body_font=&#8221;Lato||||||||&#8221; body_text_color=&#8221;#000000&#8243; animation=&#8221;off&#8221; global_colors_info=&#8221;{}&#8221;]<\/p>\n<p>Dzi\u0119ki kameralnym grupom i domowej atmosferze jeste\u015bmy w stanie odpowiedzie\u0107 na indywidualne potrzeby ka\u017cdego z naszych podopiecznych. Mamy czas i przestrze\u0144 na to, aby z nale\u017cyt\u0105 uwag\u0105 dopasowa\u0107 spos\u00f3b prowadzenia zaj\u0119\u0107, odpoczynku, czy zabawy do ka\u017cdego malucha.<\/p>\n<p>[\/et_pb_blurb][\/et_pb_column][et_pb_column type=&#8221;1_4&#8243; _builder_version=&#8221;4.21.0&#8243; _module_preset=&#8221;default&#8221; background_color=&#8221;#EFB4CA&#8221; custom_padding=&#8221;30px|20px|30px|20px|true|true&#8221; animation_style=&#8221;fade&#8221; box_shadow_style=&#8221;preset1&#8243; global_colors_info=&#8221;{}&#8221;][et_pb_blurb title=&#8221;Domowa atmosfera&#8221; use_icon=&#8221;on&#8221; font_icon=&#8221;&#xe009;||divi||400&#8243; icon_color=&#8221;#FFFFFF&#8221; _builder_version=&#8221;4.21.0&#8243; _module_preset=&#8221;58e41a12-d2dc-4bc3-82a3-e7e2a77a32bd&#8221; header_font=&#8221;Lato|700|||||||&#8221; header_text_align=&#8221;center&#8221; header_text_color=&#8221;#000000&#8243; header_line_height=&#8221;1.1em&#8221; body_font=&#8221;Lato||||||||&#8221; body_text_color=&#8221;#000000&#8243; animation=&#8221;off&#8221; global_colors_info=&#8221;{}&#8221;]<\/p>\n<p>Zale\u017ca\u0142o nam na tym, aby w &#8220;Robusiu&#8221; przedszkolaki czu\u0142y si\u0119 jak w domu. Domowa atmosfera naszego przedszkola, to co\u015b, z czego jeste\u015bmy bardzo dumni! Bezpieczny budynek z w\u0142asnym ogrodem i placem zabaw oraz przytulne wn\u0119trza, kt\u00f3re pozwalaj\u0105 maluszkom poczu\u0107 si\u0119 bezpiecznie.<\/p>\n<p>[\/et_pb_blurb][\/et_pb_column][\/et_pb_row][\/et_pb_section][et_pb_section fb_built=&#8221;1&#8243; _builder_version=&#8221;4.21.0&#8243; _module_preset=&#8221;default&#8221; background_enable_color=&#8221;off&#8221; background_image=&#8221;http:\/\/robus.pl\/wp-content\/uploads\/2023\/06\/Projekt-bez-nazwy.png&#8221; top_divider_style=&#8221;mountains&#8221; top_divider_color=&#8221;#FFFFFF&#8221; global_colors_info=&#8221;{}&#8221;][et_pb_row column_structure=&#8221;1_2,1_2&#8243; _builder_version=&#8221;4.21.0&#8243; _module_preset=&#8221;default&#8221; global_colors_info=&#8221;{}&#8221;][et_pb_column type=&#8221;1_2&#8243; _builder_version=&#8221;4.21.0&#8243; _module_preset=&#8221;default&#8221; global_colors_info=&#8221;{}&#8221;][et_pb_text _builder_version=&#8221;4.21.0&#8243; _module_preset=&#8221;default&#8221; text_font=&#8221;Lato|700|||||||&#8221; text_text_color=&#8221;#000000&#8243; text_font_size=&#8221;20px&#8221; global_colors_info=&#8221;{}&#8221;]<\/p>\n<p>Chcesz si\u0119 dowiedzie\u0107 wi\u0119cej o naszym przedszkolu? Kliknij!<\/p>\n<p>[\/et_pb_text][\/et_pb_column][et_pb_column type=&#8221;1_2&#8243; _builder_version=&#8221;4.21.0&#8243; _module_preset=&#8221;default&#8221; global_colors_info=&#8221;{}&#8221;][et_pb_button button_url=&#8221;@ET-DC@eyJkeW5hbWljIjp0cnVlLCJjb250ZW50IjoicG9zdF9saW5rX3VybF9wYWdlIiwic2V0dGluZ3MiOnsicG9zdF9pZCI6IjQxNSJ9fQ==@&#8221; button_text=&#8221;O PRZEDSZKOLU&#8221; _builder_version=&#8221;4.21.0&#8243; _dynamic_attributes=&#8221;button_url&#8221; _module_preset=&#8221;default&#8221; custom_button=&#8221;on&#8221; button_text_color=&#8221;#FFFFFF&#8221; button_bg_color=&#8221;#FF87B4&#8243; button_border_width=&#8221;0px&#8221; button_border_color=&#8221;#FFFFFF&#8221; button_border_radius=&#8221;100px&#8221; button_font=&#8221;Lato|700|||||||&#8221; box_shadow_style=&#8221;preset2&#8243; global_colors_info=&#8221;{}&#8221;][\/et_pb_button][\/et_pb_column][\/et_pb_row][\/et_pb_section]<\/p>\n","protected":false},"excerpt":{"rendered":"<p>Niepubliczne Przedszkole &#8220;Robu\u015b&#8221;Nasze kameralne, domowe przedszkole z blisko\u015bciowym podej\u015bciem do dziecka mie\u015bci si\u0119 w cichej okolicy blisko lasu w zielonej dzielnicy Warszawie- Weso\u0142ej. Dla nas dzieci s\u0105 najwa\u017cniejsze \ud83d\ude42 Je\u017celi chcesz zapewni\u0107 swojemu dziecku miejsce pe\u0142ne empatii i troski, do\u0142\u0105cz do nas!&#8221;Przedszkole zaskarbi\u0142o sobie nasz\u0105 sympati\u0119 dzi\u0119ki wspania\u0142ej, wyrozumia\u0142ej kadrze, kt\u00f3ra tworzy domow\u0105 atmosfer\u0119 maluchom [&hellip;]<\/p>\n","protected":false},"author":1,"featured_media":0,"parent":0,"menu_order":0,"comment_status":"closed","ping_status":"closed","template":"","meta":{"_et_pb_use_builder":"on","_et_pb_old_content":"<!-- wp:divi\/placeholder \/-->","_et_gb_content_width":"","footnotes":""},"class_list":["post-39","page","type-page","status-publish","hentry"],"_links":{"self":[{"href":"https:\/\/robus.pl\/index.php?rest_route=\/wp\/v2\/pages\/39","targetHints":{"allow":["GET"]}}],"collection":[{"href":"https:\/\/robus.pl\/index.php?rest_route=\/wp\/v2\/pages"}],"about":[{"href":"https:\/\/robus.pl\/index.php?rest_route=\/wp\/v2\/types\/page"}],"author":[{"embeddable":true,"href":"https:\/\/robus.pl\/index.php?rest_route=\/wp\/v2\/users\/1"}],"replies":[{"embeddable":true,"href":"https:\/\/robus.pl\/index.php?rest_route=%2Fwp%2Fv2%2Fcomments&post=39"}],"version-history":[{"count":114,"href":"https:\/\/robus.pl\/index.php?rest_route=\/wp\/v2\/pages\/39\/revisions"}],"predecessor-version":[{"id":680,"href":"https:\/\/robus.pl\/index.php?rest_route=\/wp\/v2\/pages\/39\/revisions\/680"}],"wp:attachment":[{"href":"https:\/\/robus.pl\/index.php?rest_route=%2Fwp%2Fv2%2Fmedia&parent=39"}],"curies":[{"name":"wp","href":"https:\/\/api.w.org\/{rel}","templated":true}]}}