{"id":304,"date":"2023-06-21T14:10:32","date_gmt":"2023-06-21T12:10:32","guid":{"rendered":"https:\/\/robus.pl\/?page_id=304"},"modified":"2026-02-11T14:27:50","modified_gmt":"2026-02-11T13:27:50","slug":"kadra","status":"publish","type":"page","link":"https:\/\/robus.pl\/?page_id=304","title":{"rendered":"Kadra"},"content":{"rendered":"<p>[et_pb_section fb_built=&#8221;1&#8243; prev_background_color=&#8221;#ffffff&#8221; admin_label=&#8221;Header&#8221; _builder_version=&#8221;4.21.0&#8243; _module_preset=&#8221;default&#8221; background_color=&#8221;#EFB4CA&#8221; background_image=&#8221;http:\/\/robus.pl\/wp-content\/uploads\/2023\/06\/Bez-tytulu-Zdjecie-w-tle-na-Facebooka-2.png&#8221; background_blend=&#8221;overlay&#8221; custom_padding=&#8221;||0px|||&#8221; top_divider_style=&#8221;mountains&#8221; bottom_divider_color=&#8221;#FFFFFF&#8221; global_colors_info=&#8221;{%22gcid-bafd0c31-2a11-4c7d-b3a8-caae4a4218d9%22:%91%22background_color%22%93}&#8221;][et_pb_row _builder_version=&#8221;4.21.0&#8243; _module_preset=&#8221;default&#8221; z_index=&#8221;10&#8243; global_colors_info=&#8221;{}&#8221;][et_pb_column type=&#8221;4_4&#8243; _builder_version=&#8221;4.21.0&#8243; _module_preset=&#8221;default&#8221; custom_padding=&#8221;10%||||false|false&#8221; global_colors_info=&#8221;{}&#8221;][et_pb_text content_tablet=&#8221;<\/p>\n<h1 style=%22text-align: center;%22>Kadra naszego przedszkola<\/h1>\n<p>&#8221; content_phone=&#8221;<\/p>\n<h1 style=%22text-align: center;%22>Kadra Naszego Przedszkola<\/h1>\n<p>&#8221; content_last_edited=&#8221;on|desktop&#8221; _builder_version=&#8221;4.21.0&#8243; _module_preset=&#8221;e864d11f-3dab-4fa3-ac06-4f0e1a260807&#8243; text_font=&#8221;Montserrat||||||||&#8221; text_font_size=&#8221;22px&#8221; header_font=&#8221;Bodoni Moda|700|||||||&#8221; header_text_color=&#8221;#FFFFFF&#8221; header_font_size=&#8221;63px&#8221; header_line_height=&#8221;1.1em&#8221; width=&#8221;100%&#8221; max_width=&#8221;100%&#8221; custom_margin=&#8221;||10px||false|false&#8221; header_font_size_tablet=&#8221;73px&#8221; header_font_size_phone=&#8221;31px&#8221; header_font_size_last_edited=&#8221;on|tablet&#8221; locked=&#8221;off&#8221; global_colors_info=&#8221;{}&#8221;]<\/p>\n<h1 style=\"text-align: center;\">Kadra naszego przedszkola<\/h1>\n<p>[\/et_pb_text][\/et_pb_column][\/et_pb_row][\/et_pb_section][et_pb_section fb_built=&#8221;1&#8243; _builder_version=&#8221;4.21.0&#8243; _module_preset=&#8221;default&#8221; global_colors_info=&#8221;{}&#8221;][et_pb_row _builder_version=&#8221;4.21.0&#8243; _module_preset=&#8221;default&#8221; animation_style=&#8221;fade&#8221; global_colors_info=&#8221;{}&#8221;][et_pb_column type=&#8221;4_4&#8243; _builder_version=&#8221;4.21.0&#8243; _module_preset=&#8221;default&#8221; background_color=&#8221;rgba(239,180,202,0.48)&#8221; box_shadow_style=&#8221;preset3&#8243; global_colors_info=&#8221;{}&#8221;][et_pb_team_member name=&#8221;Ewelina Szulawska&#8221; position=&#8221;Dyrektor Niepublicznego Przedszkola Robu\u015b, Wychowawca&#8221; image_url=&#8221;http:\/\/robus.pl\/wp-content\/uploads\/2023\/06\/aef4e11f-130b-4d42-9b93-3e871b43aba0.jpeg&#8221; _builder_version=&#8221;4.21.0&#8243; _module_preset=&#8221;default&#8221; header_font=&#8221;Lato|700|||||||&#8221; header_text_color=&#8221;#8300E9&#8243; body_font=&#8221;Lato||||||||&#8221; body_text_color=&#8221;#000000&#8243; position_font=&#8221;Lato|700|||||||&#8221; position_text_color=&#8221;#000000&#8243; box_shadow_style_image=&#8221;preset1&#8243; global_colors_info=&#8221;{}&#8221;]<\/p>\n<p>Ewelina Szulawska to osoba pe\u0142na ciep\u0142a, pasji i zaanga\u017cowania w prac\u0119 z najm\u0142odszymi. To pedago\u017cka, dla kt\u00f3rej wa\u017cne jest indywidualne podej\u015bcie do ka\u017cdego dziecka oraz dla kt\u00f3rego szacunek i empatia w pracy z dzie\u0107mi, to nadrz\u0119dna warto\u015b\u0107. Zawsze z u\u015bmiechem odpowiada na potrzeby dzieci i rodzic\u00f3w oraz wk\u0142ada ca\u0142e serce w plac\u00f3wk\u0119, kt\u00f3r\u0105 zarz\u0105dza.<\/p>\n<p>Prywatnie \u017cona i mama pi\u0119ciorga syn\u00f3w.<\/p>\n<p><strong>W roku szkolnym 2022\/2023 zdoby\u0142a III miejsce w Plebiscycie Edukacyjnym &#8220;Dyrektor Plac\u00f3wki Edukacyjnej Roku&#8221;<\/strong><\/p>\n<p>[\/et_pb_team_member][\/et_pb_column][\/et_pb_row][et_pb_row _builder_version=&#8221;4.21.0&#8243; _module_preset=&#8221;default&#8221; global_colors_info=&#8221;{}&#8221;][et_pb_column type=&#8221;4_4&#8243; _builder_version=&#8221;4.21.0&#8243; _module_preset=&#8221;default&#8221; background_color=&#8221;#60E2E1&#8243; box_shadow_style=&#8221;preset3&#8243; global_colors_info=&#8221;{}&#8221;][et_pb_team_member name=&#8221;Monika Grzybowska&#8221; position=&#8221;Wychowawca&#8221; image_url=&#8221;http:\/\/robus.pl\/wp-content\/uploads\/2023\/06\/cce50298-ac77-43f8-a8f2-b593b023bf8c.jpg&#8221; _builder_version=&#8221;4.21.0&#8243; _module_preset=&#8221;default&#8221; header_font=&#8221;Lato|700|||||||&#8221; header_text_color=&#8221;#8300E9&#8243; body_font=&#8221;Lato||||||||&#8221; body_text_color=&#8221;#000000&#8243; position_font=&#8221;Lato|700|||||||&#8221; position_text_color=&#8221;#000000&#8243; box_shadow_style_image=&#8221;preset1&#8243; global_colors_info=&#8221;{}&#8221;]<\/p>\n<p>Monika Grzybowska kobieta wielu talent\u00f3w, szcz\u0119\u015bliwa \u017cona i mama dw\u00f3jki wspania\u0142ych dzieci. Uko\u0144czy\u0142a studia mgr na kierunku psychologia kliniczna, studia podyplomowe pedagogika przedszkolna i wczesnoszkolna oraz studia podyplomowe psychologia dziecka.<\/p>\n<p>Ponad dziesi\u0119cioletnie do\u015bwiadczenie pracy z dzie\u0107mi na stanowisku nauczyciela wspomagaj\u0105cego dzieci autystycznych, psychologa szkolnego oraz nauczyciela przedszkolnego.<\/p>\n<p>Pasjonatka Mazur oraz dobrej kuchni.<\/p>\n<p>[\/et_pb_team_member][\/et_pb_column][\/et_pb_row][et_pb_row _builder_version=&#8221;4.21.0&#8243; _module_preset=&#8221;default&#8221; global_colors_info=&#8221;{}&#8221;][et_pb_column type=&#8221;4_4&#8243; _builder_version=&#8221;4.21.0&#8243; _module_preset=&#8221;default&#8221; background_color=&#8221;#60E2E1&#8243; box_shadow_style=&#8221;preset3&#8243; global_colors_info=&#8221;{}&#8221;][et_pb_team_member name=&#8221;Aleksandra Krupa&#8221; position=&#8221;Psycholog, Terapia Poprzez Zabaw\u0119 %22Play Therapy%22&#8243; image_url=&#8221;http:\/\/robus.pl\/wp-content\/uploads\/2026\/02\/aleksandra-krupa-psycholog-warszawa.jpeg.webp&#8221; _builder_version=&#8221;4.21.0&#8243; _module_preset=&#8221;default&#8221; header_font=&#8221;Lato|700|||||||&#8221; header_text_color=&#8221;#8300E9&#8243; body_font=&#8221;Lato||||||||&#8221; body_text_color=&#8221;#000000&#8243; position_font=&#8221;Lato|700|||||||&#8221; position_text_color=&#8221;#000000&#8243; background_color=&#8221;#efd0dd&#8221; hover_enabled=&#8221;0&#8243; box_shadow_style_image=&#8221;preset1&#8243; global_colors_info=&#8221;{}&#8221; sticky_enabled=&#8221;0&#8243; title_text=&#8221;aleksandra-krupa-psycholog-warszawa.jpeg&#8221;]<\/p>\n<p><span>Uko\u0144czy\u0142a studia magisterskie na kierunku psychologia kliniczna dzieci i doros\u0142ych w Wy\u017cszej Szkole Mened\u017cerskiej w Warszawie. Absolwentka studi\u00f3w podyplomowych na kierunku psychoonkologia w Uniwersytecie SWPS z siedzib\u0105 w Warszawie. Aktualnie terapeutka nowatorskiej metody niedyrektywnej \u2013 PLAY THERAPY na poziomie certyfikatu.<\/span><\/p>\n<p><span>Jako absolwentka studi\u00f3w podyplomowych z psychoonkologii potrafi zapewni\u0107 kompleksow\u0105 opiek\u0119 pacjentom onkologicznym i ich rodzinom, zmagaj\u0105cym si\u0119 z diagnoz\u0105, trudno\u015bciami w procesie leczenia, nawrotem choroby, perspektyw\u0105 nadchodz\u0105cej \u015bmierci lub utraty bliskiej osoby. Wie, jak<\/span><br \/><span>udziela\u0107 profesjonalnego wsparcia w procesie przechodzenia \u017ca\u0142oby po jej odej\u015bciu. Swoje powo\u0142anie do \u015bwiadczenia pomocy r\u00f3wnie\u017c w sytuacjach kryzysowych odkry\u0142a podczas praktyki, kt\u00f3r\u0105 odby\u0142a w Hospicjum.<\/span><\/p>\n<p><span>Obecnie aktywnie zaanga\u017cowa\u0142a si\u0119 w pomoc terapeutyczn\u0105 dzieciom, aby wspomaga\u0107 je w sytuacjach, w kt\u00f3rych prezentuj\u0105 deficyty emocjonalne, czy spo\u0142eczne. Metoda Play Therapy jest wysoce bezpieczn\u0105 metod\u0105 terapeutyczn\u0105 \u2013 terapeuta pomaga dziecku w przyjaznej atmosferze uwolni\u0107 jego naturalny potencja\u0142 do samoleczenia poprzez zabaw\u0119. Dzi\u0119ki pod\u0105\u017caniu za swobodn\u0105 aktywno\u015bci\u0105 dziecka i odzwierciedlaniu, dziecko zyskuje wgl\u0105d w swoje zachowanie. W zale\u017cno\u015bci od zapotrzebowania terapeuta wprowadza r\u00f3\u017cne techniki\/ elementy terapeutyczne, m.in. sandplay, opowiadania terapeutyczne, kreatywn\u0105 wizualizacj\u0119.\u00a0<\/span><\/p>\n<p>[\/et_pb_team_member][\/et_pb_column][\/et_pb_row][et_pb_row _builder_version=&#8221;4.21.0&#8243; _module_preset=&#8221;default&#8221; global_colors_info=&#8221;{}&#8221;][et_pb_column type=&#8221;4_4&#8243; _builder_version=&#8221;4.21.0&#8243; _module_preset=&#8221;default&#8221; background_color=&#8221;#60E2E1&#8243; box_shadow_style=&#8221;preset3&#8243; global_colors_info=&#8221;{}&#8221;][et_pb_team_member name=&#8221;Lena Dunajska &#8221; position=&#8221;pomoc nauczyciela&#8221; image_url=&#8221;http:\/\/robus.pl\/wp-content\/uploads\/2023\/06\/cropped-5CCA4CC1-2D33-4653-8A1D-3B6C50F02966.png&#8221; _builder_version=&#8221;4.21.0&#8243; _module_preset=&#8221;default&#8221; header_font=&#8221;Lato|700|||||||&#8221; header_text_color=&#8221;#8300E9&#8243; body_font=&#8221;Lato||||||||&#8221; body_text_color=&#8221;#000000&#8243; position_font=&#8221;Lato|700|||||||&#8221; position_text_color=&#8221;#000000&#8243; hover_enabled=&#8221;0&#8243; box_shadow_style_image=&#8221;preset1&#8243; global_colors_info=&#8221;{}&#8221; sticky_enabled=&#8221;0&#8243; title_text=&#8221;cropped-5CCA4CC1-2D33-4653-8A1D-3B6C50F02966.png&#8221;]<\/p>\n<p>Opis pojawi si\u0119 wkr\u00f3tce<\/p>\n<p>[\/et_pb_team_member][\/et_pb_column][\/et_pb_row][et_pb_row _builder_version=&#8221;4.21.0&#8243; _module_preset=&#8221;default&#8221; global_colors_info=&#8221;{}&#8221;][et_pb_column type=&#8221;4_4&#8243; _builder_version=&#8221;4.21.0&#8243; _module_preset=&#8221;default&#8221; background_color=&#8221;#60E2E1&#8243; box_shadow_style=&#8221;preset3&#8243; global_colors_info=&#8221;{}&#8221;][et_pb_team_member name=&#8221;Izabella Ksi\u0105\u017cek&#8221; position=&#8221;Pomoc nauczyciela&#8221; image_url=&#8221;http:\/\/robus.pl\/wp-content\/uploads\/2023\/06\/cropped-5CCA4CC1-2D33-4653-8A1D-3B6C50F02966.png&#8221; _builder_version=&#8221;4.21.0&#8243; _module_preset=&#8221;default&#8221; header_font=&#8221;Lato|700|||||||&#8221; header_text_color=&#8221;#8300E9&#8243; body_font=&#8221;Lato||||||||&#8221; body_text_color=&#8221;#000000&#8243; position_font=&#8221;Lato|700|||||||&#8221; position_text_color=&#8221;#000000&#8243; background_color=&#8221;#EFB4CA&#8221; hover_enabled=&#8221;0&#8243; box_shadow_style_image=&#8221;preset1&#8243; global_colors_info=&#8221;{}&#8221; sticky_enabled=&#8221;0&#8243; title_text=&#8221;cropped-5CCA4CC1-2D33-4653-8A1D-3B6C50F02966.png&#8221;]<\/p>\n<p>Opis pojawi si\u0119 wkr\u00f3tce<\/p>\n<p>[\/et_pb_team_member][\/et_pb_column][\/et_pb_row][et_pb_row _builder_version=&#8221;4.21.0&#8243; _module_preset=&#8221;default&#8221; global_colors_info=&#8221;{}&#8221;][et_pb_column type=&#8221;4_4&#8243; _builder_version=&#8221;4.21.0&#8243; _module_preset=&#8221;default&#8221; background_color=&#8221;#60E2E1&#8243; box_shadow_style=&#8221;preset3&#8243; global_colors_info=&#8221;{}&#8221;][et_pb_team_member name=&#8221;Renata Struzik&#8221; position=&#8221;Rytmika&#8221; image_url=&#8221;http:\/\/robus.pl\/wp-content\/uploads\/2023\/06\/282345835_4912872325476658_4066425587611579912_n.jpg&#8221; _builder_version=&#8221;4.21.0&#8243; _module_preset=&#8221;default&#8221; header_font=&#8221;Lato|700|||||||&#8221; header_text_color=&#8221;#8300E9&#8243; body_font=&#8221;Lato||||||||&#8221; body_text_color=&#8221;#000000&#8243; position_font=&#8221;Lato|700|||||||&#8221; position_text_color=&#8221;#000000&#8243; box_shadow_style_image=&#8221;preset1&#8243; global_colors_info=&#8221;{}&#8221;]<\/p>\n<p><span>Absolwentka Akademii Muzycznej F. Chopina w Warszawie na wydziale Edukacji Muzycznej oraz Akademii Sztuk Teatralnych im. S. Wyspia\u0144skiego w Krakowie (filia we Wroc\u0142awiu) na wydziale Re\u017cyserii Teatr\u00f3w Dzieci i M\u0142odzie\u017cy.<\/span><\/p>\n<p><span> Pedagog, re\u017cyser, instruktor teatralny, nauczyciel muzyki, scenarzysta. Posiada ponad 30 letnie do\u015bwiadczenie w pracy artystycznej z dzie\u0107mi i m\u0142odzie\u017c\u0105. Jej podopieczni osi\u0105gaj\u0105 najwy\u017csze nagrody na og\u00f3lnopolskich i mi\u0119dzynarodowych festiwalach teatralnych i muzycznych. <\/span><\/p>\n<p><span>W pracy stawia na indywidualne podej\u015bcie do ka\u017cdego dziecka oraz dobr\u0105 atmosfer\u0119 podczas zaj\u0119\u0107. W czasie wolnym po\u015bwi\u0119ca si\u0119 pasji fotograficznej. <\/span><\/p>\n<p><span>Prywatnie Mama oraz Babcia ma\u0142ego &#8220;Robusiaka&#8221;.<\/span><\/p>\n<p><span>W &#8220;Robusiu&#8221; jako rytmiczka pracuje nieprzerwanie od 2003 roku.\u00a0<\/span><\/p>\n<p>[\/et_pb_team_member][\/et_pb_column][\/et_pb_row][et_pb_row _builder_version=&#8221;4.21.0&#8243; _module_preset=&#8221;default&#8221; global_colors_info=&#8221;{}&#8221;][et_pb_column type=&#8221;4_4&#8243; _builder_version=&#8221;4.21.0&#8243; _module_preset=&#8221;default&#8221; background_color=&#8221;#60E2E1&#8243; box_shadow_style=&#8221;preset3&#8243; global_colors_info=&#8221;{}&#8221;][et_pb_team_member name=&#8221;Magdalena Wojciewska&#8221; position=&#8221;Taniec&#8221; image_url=&#8221;http:\/\/robus.pl\/wp-content\/uploads\/2023\/07\/magda-wojciechowska-robus.jpg&#8221; _builder_version=&#8221;4.21.0&#8243; _module_preset=&#8221;default&#8221; header_font=&#8221;Lato|700|||||||&#8221; header_text_color=&#8221;#8300E9&#8243; body_font=&#8221;Lato||||||||&#8221; body_text_color=&#8221;#000000&#8243; position_font=&#8221;Lato|700|||||||&#8221; position_text_color=&#8221;#000000&#8243; background_color=&#8221;#efd0dd&#8221; box_shadow_style_image=&#8221;preset1&#8243; global_colors_info=&#8221;{}&#8221;]<\/p>\n<div dir=\"auto\">Absolwentka Akademii Wychowania Fizycznego w Warszawie, licencjonowana trenerka ta\u0144ca sportowego. Swoj\u0105 przygod\u0119 z ta\u0144cem zacz\u0119\u0142a w wieku 8 lat.\u00a0 Tancerka najwy\u017cszej mi\u0119dzynarodowej klasy tanecznej \u201eS\u201d w ta\u0144cach latynoameryka\u0144skich.<\/div>\n<div dir=\"auto\">Od 12 lat prowadzi zaj\u0119cia taneczne w przedszkolach i szko\u0142ach jak r\u00f3wnie\u017c kursy taneczne dla doros\u0142ych. Podczas zaj\u0119\u0107 stara si\u0119 \u0142\u0105czy\u0107 \u00a0profesjonalizm z dobr\u0105 zabaw\u0105.<\/div>\n<div dir=\"auto\">Prywatnie szcz\u0119\u015bliwa mama Sofii i Filipka.<\/div>\n<p>[\/et_pb_team_member][\/et_pb_column][\/et_pb_row][\/et_pb_section][et_pb_section fb_built=&#8221;1&#8243; admin_label=&#8221;Footer&#8221; _builder_version=&#8221;4.21.0&#8243; _module_preset=&#8221;default&#8221; background_color=&#8221;#60E2E1&#8243; custom_padding=&#8221;5vw||||false|false&#8221; top_divider_style=&#8221;arrow3&#8243; top_divider_color=&#8221;#FFFFFF&#8221; global_colors_info=&#8221;{%22gcid-bafd0c31-2a11-4c7d-b3a8-caae4a4218d9%22:%91%22background_color%22%93}&#8221;][et_pb_row _builder_version=&#8221;4.21.0&#8243; _module_preset=&#8221;default&#8221; global_colors_info=&#8221;{}&#8221;][et_pb_column type=&#8221;4_4&#8243; _builder_version=&#8221;4.16&#8243; _module_preset=&#8221;default&#8221; global_colors_info=&#8221;{}&#8221;][et_pb_text _builder_version=&#8221;4.21.0&#8243; _module_preset=&#8221;df96b77a-cd4f-44a8-a771-2d6347592b53&#8243; header_font=&#8221;Bodoni Moda||||||||&#8221; header_text_color=&#8221;#FF87B4&#8243; header_2_font=&#8221;Heebo|700|||||||&#8221; header_2_text_color=&#8221;#15414a&#8221; header_2_font_size=&#8221;55px&#8221; header_2_line_height=&#8221;1.1em&#8221; custom_margin=&#8221;||10px||false|false&#8221; header_2_font_size_tablet=&#8221;32px&#8221; header_2_font_size_phone=&#8221;20px&#8221; header_2_font_size_last_edited=&#8221;on|desktop&#8221; global_colors_info=&#8221;{}&#8221;]<\/p>\n<h2><span style=\"color: #ffffff;\">Chcesz pozna\u0107 nas osobi\u015bcie?<\/span><\/h2>\n<p>[\/et_pb_text][et_pb_text content_tablet=&#8221;<\/p>\n<p>Je\u017celi chcieliby\u015bcie pozna\u0107 nas osobi\u015bcie &#8211; <strong>zapraszamy!<\/strong> W ka\u017cdej chwili mo\u017cemy um\u00f3wi\u0107 si\u0119 z Wami i Waszym Maluchem, aby\u015bcie poznali nasze przedszkole od \u015brodka.<\/p>\n<p style=%22text-align: left;%22><strong>Zapraszamy do kontaktu z nami.<\/strong><\/p>\n<p style=%22text-align: left;%22>\n<p>&#8221; content_phone=&#8221;<\/p>\n<p>Je\u017celi chcieliby\u015bcie pozna\u0107 nas osobi\u015bcie &#8211; <strong>zapraszamy!<\/strong> W ka\u017cdej chwili mo\u017cemy um\u00f3wi\u0107 si\u0119 z Wami i Waszym Maluchem, aby\u015bcie poznali nasze przedszkole od \u015brodka.<\/p>\n<p style=%22text-align: left;%22><strong>Zapraszamy do kontaktu z nami.<\/strong><\/p>\n<p>&#8221; content_last_edited=&#8221;on|phone&#8221; _builder_version=&#8221;4.21.0&#8243; _module_preset=&#8221;5ff55506-da7d-4dd7-b409-9d62c7203201&#8243; text_font=&#8221;Lato||||||||&#8221; text_text_color=&#8221;#000000&#8243; text_font_size=&#8221;16px&#8221; text_line_height=&#8221;1.8em&#8221; link_text_color=&#8221;#FF5D67&#8243; max_width=&#8221;650px&#8221; module_alignment=&#8221;left&#8221; text_font_size_tablet=&#8221;15px&#8221; text_font_size_phone=&#8221;14px&#8221; text_font_size_last_edited=&#8221;on|phone&#8221; header_font_size_tablet=&#8221;55px&#8221; header_font_size_last_edited=&#8221;off|desktop&#8221; global_colors_info=&#8221;{%22gcid-8b305f9d-4844-4604-ba06-445166ebe5d6%22:%91%22text_text_color%22%93}&#8221;]<\/p>\n<p>Je\u017celi chcieliby\u015bcie pozna\u0107 nas osobi\u015bcie &#8211; <strong>zapraszamy!<\/strong> W ka\u017cdej chwili mo\u017cemy um\u00f3wi\u0107 si\u0119 z Wami i Waszym Maluchem, aby\u015bcie poznali nasze przedszkole od \u015brodka.<\/p>\n<p style=\"text-align: left;\"><strong>Zapraszamy do kontaktu z nami.<\/strong><\/p>\n<p>[\/et_pb_text][et_pb_button button_url=&#8221;@ET-DC@eyJkeW5hbWljIjp0cnVlLCJjb250ZW50IjoicG9zdF9saW5rX3VybF9wYWdlIiwic2V0dGluZ3MiOnsicG9zdF9pZCI6IjE2MyJ9fQ==@&#8221; button_text=&#8221;SKONTAKTUJ SI\u0118 Z NAMI&#8221; _builder_version=&#8221;4.21.0&#8243; _dynamic_attributes=&#8221;button_url&#8221; _module_preset=&#8221;94ef7aca-dcd9-4f9d-93b2-efa3466cebc7&#8243; custom_button=&#8221;on&#8221; button_text_size=&#8221;14px&#8221; button_text_color=&#8221;#FFFFFF&#8221; button_bg_color=&#8221;#FF87B4&#8243; button_bg_enable_image=&#8221;off&#8221; button_border_width=&#8221;0px&#8221; button_border_color=&#8221;#FFFFFF&#8221; button_border_radius=&#8221;100px&#8221; button_letter_spacing=&#8221;1px&#8221; button_font=&#8221;Lato|800||on|||||&#8221; custom_padding=&#8221;16px|20px|16px|20px|true|true&#8221; box_shadow_style=&#8221;preset1&#8243; box_shadow_color=&#8221;rgba(21,65,74,0.24)&#8221; global_colors_info=&#8221;{}&#8221; button_border_width__hover_enabled=&#8221;off|desktop&#8221; button_border_width__hover=&#8221;5px&#8221;][\/et_pb_button][\/et_pb_column][\/et_pb_row][\/et_pb_section]<\/p>\n","protected":false},"excerpt":{"rendered":"<p>Kadra naszego przedszkolaEwelina Szulawska to osoba pe\u0142na ciep\u0142a, pasji i zaanga\u017cowania w prac\u0119 z najm\u0142odszymi. To pedago\u017cka, dla kt\u00f3rej wa\u017cne jest indywidualne podej\u015bcie do ka\u017cdego dziecka oraz dla kt\u00f3rego szacunek i empatia w pracy z dzie\u0107mi, to nadrz\u0119dna warto\u015b\u0107. Zawsze z u\u015bmiechem odpowiada na potrzeby dzieci i rodzic\u00f3w oraz wk\u0142ada ca\u0142e serce w plac\u00f3wk\u0119, kt\u00f3r\u0105 [&hellip;]<\/p>\n","protected":false},"author":1,"featured_media":0,"parent":0,"menu_order":0,"comment_status":"closed","ping_status":"closed","template":"","meta":{"_et_pb_use_builder":"on","_et_pb_old_content":"","_et_gb_content_width":"","footnotes":""},"class_list":["post-304","page","type-page","status-publish","hentry"],"_links":{"self":[{"href":"https:\/\/robus.pl\/index.php?rest_route=\/wp\/v2\/pages\/304","targetHints":{"allow":["GET"]}}],"collection":[{"href":"https:\/\/robus.pl\/index.php?rest_route=\/wp\/v2\/pages"}],"about":[{"href":"https:\/\/robus.pl\/index.php?rest_route=\/wp\/v2\/types\/page"}],"author":[{"embeddable":true,"href":"https:\/\/robus.pl\/index.php?rest_route=\/wp\/v2\/users\/1"}],"replies":[{"embeddable":true,"href":"https:\/\/robus.pl\/index.php?rest_route=%2Fwp%2Fv2%2Fcomments&post=304"}],"version-history":[{"count":36,"href":"https:\/\/robus.pl\/index.php?rest_route=\/wp\/v2\/pages\/304\/revisions"}],"predecessor-version":[{"id":747,"href":"https:\/\/robus.pl\/index.php?rest_route=\/wp\/v2\/pages\/304\/revisions\/747"}],"wp:attachment":[{"href":"https:\/\/robus.pl\/index.php?rest_route=%2Fwp%2Fv2%2Fmedia&parent=304"}],"curies":[{"name":"wp","href":"https:\/\/api.w.org\/{rel}","templated":true}]}}