{"id":252,"date":"2023-06-21T12:48:49","date_gmt":"2023-06-21T10:48:49","guid":{"rendered":"https:\/\/robus.pl\/?page_id=252"},"modified":"2026-02-11T14:30:44","modified_gmt":"2026-02-11T13:30:44","slug":"najczesciej-zadawane-pytania","status":"publish","type":"page","link":"https:\/\/robus.pl\/?page_id=252","title":{"rendered":"Najcz\u0119\u015bciej zadawane pytania"},"content":{"rendered":"<p>[et_pb_section fb_built=&#8221;1&#8243; prev_background_color=&#8221;#ffffff&#8221; admin_label=&#8221;Header&#8221; _builder_version=&#8221;4.21.0&#8243; _module_preset=&#8221;default&#8221; background_enable_color=&#8221;off&#8221; background_image=&#8221;http:\/\/robus.pl\/wp-content\/uploads\/2023\/06\/Bez-tytulu-Zdjecie-w-tle-na-Facebooka-3.png&#8221; parallax=&#8221;on&#8221; background_blend=&#8221;overlay&#8221; custom_padding=&#8221;||0px|||&#8221; top_divider_style=&#8221;mountains&#8221; bottom_divider_color=&#8221;#FFFFFF&#8221; global_colors_info=&#8221;{%22gcid-bafd0c31-2a11-4c7d-b3a8-caae4a4218d9%22:%91%22background_color%22%93}&#8221;][et_pb_row _builder_version=&#8221;4.21.0&#8243; _module_preset=&#8221;default&#8221; z_index=&#8221;10&#8243; global_colors_info=&#8221;{}&#8221;][et_pb_column type=&#8221;4_4&#8243; _builder_version=&#8221;4.16&#8243; _module_preset=&#8221;default&#8221; custom_padding=&#8221;10%||||false|false&#8221; global_colors_info=&#8221;{}&#8221;][et_pb_text content_tablet=&#8221;<\/p>\n<h1 style=%22text-align: center;%22><span style=%22color: #ffffff;%22>Najcz\u0119\u015bciej zadawane pytania<\/span><\/h1>\n<p>&#8221; content_phone=&#8221;<\/p>\n<h1 style=%22text-align: center;%22><span style=%22color: #ffffff;%22>Najcz\u0119\u015bciej zadawane pytania<\/span><\/h1>\n<p>&#8221; content_last_edited=&#8221;on|desktop&#8221; _builder_version=&#8221;4.21.0&#8243; _module_preset=&#8221;e864d11f-3dab-4fa3-ac06-4f0e1a260807&#8243; text_font=&#8221;Montserrat||||||||&#8221; text_font_size=&#8221;22px&#8221; header_font=&#8221;Bodoni Moda|700|||||||&#8221; header_text_color=&#8221;#7c7c7c&#8221; header_font_size=&#8221;63px&#8221; header_line_height=&#8221;1.1em&#8221; width=&#8221;100%&#8221; max_width=&#8221;100%&#8221; custom_margin=&#8221;||10px||false|false&#8221; header_font_size_tablet=&#8221;50px&#8221; header_font_size_phone=&#8221;35px&#8221; header_font_size_last_edited=&#8221;on|phone&#8221; locked=&#8221;off&#8221; global_colors_info=&#8221;{}&#8221;]<\/p>\n<h1 style=\"text-align: center;\"><span style=\"color: #ffffff;\">Najcz\u0119\u015bciej zadawane pytania<\/span><\/h1>\n<p>[\/et_pb_text][\/et_pb_column][\/et_pb_row][\/et_pb_section][et_pb_section fb_built=&#8221;1&#8243; _builder_version=&#8221;4.21.0&#8243; _module_preset=&#8221;default&#8221; global_colors_info=&#8221;{}&#8221;][et_pb_row _builder_version=&#8221;4.21.0&#8243; _module_preset=&#8221;default&#8221; animation_style=&#8221;fade&#8221; global_colors_info=&#8221;{}&#8221;][et_pb_column type=&#8221;4_4&#8243; _builder_version=&#8221;4.21.0&#8243; _module_preset=&#8221;default&#8221; global_colors_info=&#8221;{}&#8221;][et_pb_toggle title=&#8221;Od jakiego wieku przyjmowane s\u0105 dzieci do Robusia?&#8221; open_toggle_text_color=&#8221;#000000&#8243; open_toggle_background_color=&#8221;#EFB4CA&#8221; closed_toggle_background_color=&#8221;#EFB4CA&#8221; icon_color=&#8221;#8300E9&#8243; open_icon_color=&#8221;#8300E9&#8243; _builder_version=&#8221;4.21.0&#8243; _module_preset=&#8221;default&#8221; title_text_color=&#8221;#000000&#8243; title_font=&#8221;Lato|700|||||||&#8221; closed_title_font=&#8221;Lato||||||||&#8221; body_font=&#8221;Lato||||||||&#8221; body_text_color=&#8221;#000000&#8243; hover_enabled=&#8221;0&#8243; box_shadow_style=&#8221;preset2&#8243; global_colors_info=&#8221;{}&#8221; sticky_enabled=&#8221;0&#8243;]<\/p>\n<p>Zapraszamy maluszki ju\u017c od 2,5 roku \u017cycia.<\/p>\n<p>[\/et_pb_toggle][et_pb_toggle title=&#8221;Ile wynosi czesne?&#8221; open_toggle_text_color=&#8221;#000000&#8243; open_toggle_background_color=&#8221;#60E2E1&#8243; closed_toggle_background_color=&#8221;#60E2E1&#8243; icon_color=&#8221;#8300E9&#8243; open_icon_color=&#8221;#8300E9&#8243; _builder_version=&#8221;4.21.0&#8243; _module_preset=&#8221;default&#8221; title_text_color=&#8221;#000000&#8243; title_font=&#8221;Lato|700|||||||&#8221; closed_title_font=&#8221;Lato||||||||&#8221; body_font=&#8221;Lato||||||||&#8221; body_text_color=&#8221;#000000&#8243; box_shadow_style=&#8221;preset2&#8243; global_colors_info=&#8221;{}&#8221;]<\/p>\n<p>Czesne uzale\u017cnione jest od ilo\u015bci godzin, jakie sp\u0119dza dziecko w przedszkolu.<\/p>\n<p><strong>Pobyt ca\u0142odzienny:<\/strong> 700 z\u0142.<\/p>\n<p><strong>Pobyt 6cio godzinny:<\/strong> 500 z\u0142.<\/p>\n<p><strong>Dzienna stawka wy\u017cywienia:<\/strong> 19 z\u0142.<\/p>\n<p><strong>*zni\u017cka dla rodze\u0144stwa:<\/strong> -100 z\u0142. na drugie dziecko.<\/p>\n<p>* przy zapisie dziecka obowi\u0105zuje wpisowe (jednorazowe, bezzwrotne) w wysoko\u015bci 500 z\u0142.<\/p>\n<p>*wyprawka: 100 z\u0142. Pobierana wraz z rozpocz\u0119ciem nowego roku<\/p>\n<p>[\/et_pb_toggle][et_pb_toggle title=&#8221;Jakie zaj\u0119cia wliczone s\u0105 w czesne?&#8221; open_toggle_text_color=&#8221;#000000&#8243; open_toggle_background_color=&#8221;#EFB4CA&#8221; closed_toggle_background_color=&#8221;#EFB4CA&#8221; icon_color=&#8221;#8300E9&#8243; open_icon_color=&#8221;#8300E9&#8243; _builder_version=&#8221;4.21.0&#8243; _module_preset=&#8221;default&#8221; title_text_color=&#8221;#000000&#8243; title_font=&#8221;Lato|700|||||||&#8221; closed_title_font=&#8221;Lato||||||||&#8221; body_font=&#8221;Lato||||||||&#8221; body_text_color=&#8221;#000000&#8243; box_shadow_style=&#8221;preset2&#8243; global_colors_info=&#8221;{}&#8221;]<\/p>\n<p>Zaj\u0119cia wliczone w czesne:<\/p>\n<ul>\n<li>angielski<\/li>\n<li>rytmika<\/li>\n<li>koretyktywa<\/li>\n<li>konsultacja logopedyczna<\/li>\n<li>konsultacja psychologiczna<\/li>\n<\/ul>\n<p>Opr\u00f3cz zaj\u0119\u0107 wpisanych w plan dydatktyczny, w czesne wliczone s\u0105\u00a0 wydarzenia tj:<\/p>\n<ul>\n<li>teatrzyki<\/li>\n<li>zaj\u0119cia przyrodnicze<\/li>\n<li>urodzinki<\/li>\n<li>sensoplatyka<\/li>\n<li>wydarzenia sportowe<\/li>\n<li>kuchcikowo<\/li>\n<li>eksperymenty fizyczne i chemiczne<\/li>\n<li>koncerty<\/li>\n<li>wyst\u0119py przedszkolak\u00f3w<\/li>\n<li>bajkoterapia<\/li>\n<li>muzykoterapia<\/li>\n<\/ul>\n<p>[\/et_pb_toggle][et_pb_toggle title=&#8221;Czy dziecko musi by\u0107 odpieluchowane, zanim zacznie ucz\u0119szcza\u0107 do Robusia?&#8221; open_toggle_text_color=&#8221;#000000&#8243; open_toggle_background_color=&#8221;#60E2E1&#8243; closed_toggle_background_color=&#8221;#60E2E1&#8243; icon_color=&#8221;#8300E9&#8243; open_icon_color=&#8221;#8300E9&#8243; _builder_version=&#8221;4.21.0&#8243; _module_preset=&#8221;default&#8221; title_text_color=&#8221;#000000&#8243; title_font=&#8221;Lato|700|||||||&#8221; closed_title_font=&#8221;Lato||||||||&#8221; body_font=&#8221;Lato||||||||&#8221; body_text_color=&#8221;#000000&#8243; box_shadow_style=&#8221;preset2&#8243; global_colors_info=&#8221;{}&#8221;]<\/p>\n<p>Nie, absolutnie nie. Wychodzimy z za\u0142o\u017cenia, \u017ce ka\u017cde dziecko ma na to sw\u00f3j indywidualny czas, a my jeste\u015bmy od tego, \u017ceby im w tym procesie towarzyszy\u0107.<\/p>\n<p>[\/et_pb_toggle][et_pb_toggle title=&#8221;Moje dziecko jest bardzo wra\u017cliwe, obawiam si\u0119 puszcza\u0107 go do przedszkola. Czy sobie poradzi?&#8221; open_toggle_text_color=&#8221;#000000&#8243; open_toggle_background_color=&#8221;#EFB4CA&#8221; closed_toggle_background_color=&#8221;#EFB4CA&#8221; icon_color=&#8221;#8300E9&#8243; open_icon_color=&#8221;#8300E9&#8243; _builder_version=&#8221;4.21.0&#8243; _module_preset=&#8221;default&#8221; title_text_color=&#8221;#000000&#8243; title_font=&#8221;Lato|700|||||||&#8221; closed_title_font=&#8221;Lato||||||||&#8221; body_font=&#8221;Lato||||||||&#8221; body_text_color=&#8221;#000000&#8243; box_shadow_style=&#8221;preset2&#8243; global_colors_info=&#8221;{}&#8221;]<\/p>\n<p>Dzieci wra\u017cliwe nie s\u0105 dla nas wyzwaniem \ud83d\ude42 Traktujemy ka\u017cde dziecko indywidyalnie i dopasowujemy styl pracy do jego indywidualnego charakteru i potrzeb.<\/p>\n<p>[\/et_pb_toggle][et_pb_toggle title=&#8221;Czy le\u017cakowanie jest obowi\u0105zkowe?&#8221; open_toggle_text_color=&#8221;#000000&#8243; open_toggle_background_color=&#8221;#60E2E1&#8243; closed_toggle_background_color=&#8221;#60E2E1&#8243; icon_color=&#8221;#8300E9&#8243; open_icon_color=&#8221;#8300E9&#8243; _builder_version=&#8221;4.21.0&#8243; _module_preset=&#8221;default&#8221; title_text_color=&#8221;#000000&#8243; title_font=&#8221;Lato|700|||||||&#8221; closed_title_font=&#8221;Lato||||||||&#8221; body_font=&#8221;Lato||||||||&#8221; body_text_color=&#8221;#000000&#8243; box_shadow_style=&#8221;preset2&#8243; global_colors_info=&#8221;{}&#8221;]<\/p>\n<p>Nie, \u017cadnego dziecka nie zmuszamy do le\u017cakowania \ud83d\ude42 Je\u017celi dziecko nie potrzebuje popu\u0142udniowej drzemki, ma zorganizowany czas w inny spos\u00f3b, np. wyciszenie i odpoczynek w sali obok, spacer na plac zabaw lub zaj\u0119cia plastyczne.<\/p>\n<p>[\/et_pb_toggle][et_pb_toggle title=&#8221;Moje dziecko ma du\u017c\u0105 wybi\u00f3rczo\u015b\u0107 pokarmow\u0105. Co w tej sytuacji?&#8221; open_toggle_text_color=&#8221;#000000&#8243; open_toggle_background_color=&#8221;#EFB4CA&#8221; closed_toggle_background_color=&#8221;#EFB4CA&#8221; icon_color=&#8221;#8300E9&#8243; open_icon_color=&#8221;#8300E9&#8243; _builder_version=&#8221;4.21.0&#8243; _module_preset=&#8221;default&#8221; title_text_color=&#8221;#000000&#8243; title_font=&#8221;Lato|700|||||||&#8221; closed_title_font=&#8221;Lato||||||||&#8221; body_font=&#8221;Lato||||||||&#8221; body_text_color=&#8221;#000000&#8243; box_shadow_style=&#8221;preset2&#8243; global_colors_info=&#8221;{}&#8221;]<\/p>\n<p>Dzieci z wybi\u00f3rczo\u015bci\u0105 pokarmow\u0105 nie s\u0105 rzadko\u015bci\u0105. Jeste\u015bmy w stanie po wcze\u015bniejszym zg\u0142oszeniu przez rodzica preferencji \u017cywieniowych dziecka, wprowadzi\u0107 zmiany w menu cateringu. Opr\u00f3cz tego nie przeszkadza nam, je\u017celi dziecko przyniesie ze sob\u0105 sw\u00f3j lunchbox. Jeste\u015bmy otwarci na rozmow\u0119 z Pa\u0144stwem w tej sprawie \ud83d\ude42<\/p>\n<p>[\/et_pb_toggle][et_pb_toggle title=&#8221;Moje dziecko ma specjaln\u0105 diet\u0119. Czy jest to problemem?&#8221; open_toggle_text_color=&#8221;#000000&#8243; open_toggle_background_color=&#8221;#60E2E1&#8243; closed_toggle_background_color=&#8221;#60E2E1&#8243; icon_color=&#8221;#8300E9&#8243; open_icon_color=&#8221;#8300E9&#8243; _builder_version=&#8221;4.21.0&#8243; _module_preset=&#8221;default&#8221; title_text_color=&#8221;#000000&#8243; title_font=&#8221;Lato|700|||||||&#8221; closed_title_font=&#8221;Lato||||||||&#8221; body_font=&#8221;Lato||||||||&#8221; body_text_color=&#8221;#000000&#8243; box_shadow_style=&#8221;preset2&#8243; global_colors_info=&#8221;{}&#8221;]<\/p>\n<p>Nie, absolutnie nie \ud83d\ude42 Wszystkie diety specjalne s\u0105 przez nas brane pod uwag\u0119 i ustalane do indywidualnych potrzeb i wyklucze\u0144 pokarmowych.<\/p>\n<p>[\/et_pb_toggle][et_pb_toggle title=&#8221;Czy w przedszkolu jest adaptacja?&#8221; open_toggle_text_color=&#8221;#000000&#8243; open_toggle_background_color=&#8221;#EFB4CA&#8221; closed_toggle_background_color=&#8221;#EFB4CA&#8221; icon_color=&#8221;#8300E9&#8243; open_icon_color=&#8221;#8300E9&#8243; _builder_version=&#8221;4.21.0&#8243; _module_preset=&#8221;default&#8221; title_text_color=&#8221;#000000&#8243; title_font=&#8221;Lato|700|||||||&#8221; closed_title_font=&#8221;Lato||||||||&#8221; body_font=&#8221;Lato||||||||&#8221; body_text_color=&#8221;#000000&#8243; box_shadow_style=&#8221;preset2&#8243; global_colors_info=&#8221;{}&#8221;]<\/p>\n<p>Oczywi\u015bcie \ud83d\ude42 Nie mamy \u017cadnych sztywnych regu\u0142 i zasad w temaci adaptacji. Wierzymy, \u017ce ka\u017cde dziecko ma swoje tempo w zaadaptowaniu si\u0119 do nowego miejsca. Towarzyszymy w tym procesie zar\u00f3wno dzieciom, jak i rodzicom. Proces adaptacji mo\u017ce rozpocz\u0105\u0107 si\u0119 w ka\u017cdym momencie i trwa\u0107 tyle, ile b\u0119dziecie potrzebowa\u0107 \ud83d\ude42<\/p>\n<p>[\/et_pb_toggle][et_pb_toggle title=&#8221;Ile w grupie jest wychowawc\u00f3w?&#8221; open_toggle_text_color=&#8221;#000000&#8243; open_toggle_background_color=&#8221;#60E2E1&#8243; closed_toggle_background_color=&#8221;#60E2E1&#8243; icon_color=&#8221;#8300E9&#8243; open_icon_color=&#8221;#8300E9&#8243; _builder_version=&#8221;4.21.0&#8243; _module_preset=&#8221;default&#8221; title_text_color=&#8221;#000000&#8243; title_font=&#8221;Lato|700|||||||&#8221; closed_title_font=&#8221;Lato||||||||&#8221; body_font=&#8221;Lato||||||||&#8221; body_text_color=&#8221;#000000&#8243; box_shadow_style=&#8221;preset2&#8243; global_colors_info=&#8221;{}&#8221;]<\/p>\n<p>Na ka\u017cd\u0105 grup\u0119 przypadaj\u0105 dwie Panie Pedago\u017cki, kt\u00f3re s\u0105 obecne jednocze\u015bnie w przedszkolu.<\/p>\n<p>[\/et_pb_toggle][et_pb_toggle title=&#8221;Jak du\u017ce s\u0105 grupy?&#8221; open_toggle_text_color=&#8221;#000000&#8243; open_toggle_background_color=&#8221;#EFB4CA&#8221; closed_toggle_background_color=&#8221;#EFB4CA&#8221; icon_color=&#8221;#8300E9&#8243; open_icon_color=&#8221;#8300E9&#8243; _builder_version=&#8221;4.21.0&#8243; _module_preset=&#8221;default&#8221; title_text_color=&#8221;#000000&#8243; title_font=&#8221;Lato|700|||||||&#8221; closed_title_font=&#8221;Lato||||||||&#8221; body_font=&#8221;Lato||||||||&#8221; body_text_color=&#8221;#000000&#8243; box_shadow_style=&#8221;preset2&#8243; global_colors_info=&#8221;{}&#8221;]<\/p>\n<p>Grupy licz\u0105 maksymalnie 18cioro dzieci.<\/p>\n<p>[\/et_pb_toggle][et_pb_toggle title=&#8221;Czy organizowane s\u0105 wycieczki poza przedszkole?&#8221; open_toggle_text_color=&#8221;#000000&#8243; open_toggle_background_color=&#8221;#60E2E1&#8243; closed_toggle_background_color=&#8221;#60E2E1&#8243; icon_color=&#8221;#8300E9&#8243; open_icon_color=&#8221;#8300E9&#8243; _builder_version=&#8221;4.21.0&#8243; _module_preset=&#8221;default&#8221; title_text_color=&#8221;#000000&#8243; title_font=&#8221;Lato|700|||||||&#8221; closed_title_font=&#8221;Lato||||||||&#8221; body_font=&#8221;Lato||||||||&#8221; body_text_color=&#8221;#000000&#8243; box_shadow_style=&#8221;preset2&#8243; global_colors_info=&#8221;{}&#8221;]<\/p>\n<p>Tak, organizujemy wycieczki pozaprzedszkolne. S\u0105 to wycieczki np. do kina, teatru, Farmy Dynii lub inne wycieczki edukacyjno-przyrodnicze. Jete\u015bmy otwarci r\u00f3wnie\u017c na Pa\u0144stwa propozycje w tym temacie \ud83d\ude42<\/p>\n<p>[\/et_pb_toggle][et_pb_toggle title=&#8221;Czy przyjmowane s\u0105 dzieci z orzeczeniem z poradni psychologiczno-pedagogicznej?&#8221; open_toggle_text_color=&#8221;#000000&#8243; open_toggle_background_color=&#8221;#EFB4CA&#8221; closed_toggle_background_color=&#8221;#EFB4CA&#8221; icon_color=&#8221;#8300E9&#8243; open_icon_color=&#8221;#8300E9&#8243; _builder_version=&#8221;4.21.0&#8243; _module_preset=&#8221;default&#8221; title_text_color=&#8221;#000000&#8243; title_font=&#8221;Lato|700|||||||&#8221; closed_title_font=&#8221;Lato||||||||&#8221; body_font=&#8221;Lato||||||||&#8221; body_text_color=&#8221;#000000&#8243; box_shadow_style=&#8221;preset2&#8243; global_colors_info=&#8221;{}&#8221;]<\/p>\n<p>Tak. W przypadku dziecka posiadaj\u0105cego orzeczenie, prosimy o kontakt indywidualny \ud83d\ude42<\/p>\n<p>[\/et_pb_toggle][et_pb_toggle title=&#8221;Czy przyjmowane s\u0105 dzieci z Ukrainy?&#8221; open_toggle_text_color=&#8221;#000000&#8243; open_toggle_background_color=&#8221;#60E2E1&#8243; closed_toggle_background_color=&#8221;#60E2E1&#8243; icon_color=&#8221;#8300E9&#8243; open_icon_color=&#8221;#8300E9&#8243; _builder_version=&#8221;4.21.0&#8243; _module_preset=&#8221;default&#8221; title_text_color=&#8221;#000000&#8243; title_font=&#8221;Lato|700|||||||&#8221; closed_title_font=&#8221;Lato||||||||&#8221; body_font=&#8221;Lato||||||||&#8221; body_text_color=&#8221;#000000&#8243; box_shadow_style=&#8221;preset2&#8243; global_colors_info=&#8221;{}&#8221;]<\/p>\n<p>I z Ukrainy, i z Francji, Anglii, W\u0142och, czy ka\u017cdego innego zak\u0105tka na \u015bwiecie \ud83d\ude42 Jeste\u015bmy otwarci na wszystkie dzieci, chc\u0105ce do nas ucz\u0119szcza\u0107.<\/p>\n<p>Jedna z naszych Pa\u0144 Pedago\u017cek biegle m\u00f3wi po ukrai\u0144sku.<\/p>\n<p>[\/et_pb_toggle][\/et_pb_column][\/et_pb_row][\/et_pb_section][et_pb_section fb_built=&#8221;1&#8243; admin_label=&#8221;Footer&#8221; _builder_version=&#8221;4.21.0&#8243; _module_preset=&#8221;default&#8221; background_color=&#8221;#60E2E1&#8243; custom_padding=&#8221;5vw||||false|false&#8221; top_divider_style=&#8221;arrow3&#8243; top_divider_color=&#8221;#FFFFFF&#8221; global_colors_info=&#8221;{%22gcid-bafd0c31-2a11-4c7d-b3a8-caae4a4218d9%22:%91%22background_color%22%93}&#8221;][et_pb_row _builder_version=&#8221;4.21.0&#8243; _module_preset=&#8221;default&#8221; global_colors_info=&#8221;{}&#8221;][et_pb_column type=&#8221;4_4&#8243; _builder_version=&#8221;4.16&#8243; _module_preset=&#8221;default&#8221; global_colors_info=&#8221;{}&#8221;][et_pb_text _builder_version=&#8221;4.21.0&#8243; _module_preset=&#8221;df96b77a-cd4f-44a8-a771-2d6347592b53&#8243; header_font=&#8221;Bodoni Moda||||||||&#8221; header_text_color=&#8221;#FF87B4&#8243; header_2_font=&#8221;Heebo|700|||||||&#8221; header_2_text_color=&#8221;#15414a&#8221; header_2_font_size=&#8221;55px&#8221; header_2_line_height=&#8221;1.1em&#8221; custom_margin=&#8221;||10px||false|false&#8221; header_2_font_size_tablet=&#8221;32px&#8221; header_2_font_size_phone=&#8221;20px&#8221; header_2_font_size_last_edited=&#8221;on|desktop&#8221; global_colors_info=&#8221;{}&#8221;]<\/p>\n<h2><span style=\"color: #ffffff;\">Masz wi\u0119cej pyta\u0144?\u00a0<\/span><\/h2>\n<p>[\/et_pb_text][et_pb_text content_tablet=&#8221;<\/p>\n<p style=%22text-align: left;%22>Skontaktuj si\u0119 z nami!<\/p>\n<p style=%22text-align: left;%22>Z przyjemno\u015bci\u0105 odpowiemy na wszystkie Twoje pytania i w\u0105tpliwo\u015bci \ud83d\ude42<\/p>\n<p>&#8221; content_phone=&#8221;<\/p>\n<p style=%22text-align: left;%22>Skontaktuj si\u0119 z nami! Z przyjemno\u015bci\u0105 odpowiemy na wszystkie Twoje pytania i w\u0105tpliwo\u015bci \ud83d\ude42<\/p>\n<p>&#8221; content_last_edited=&#8221;on|phone&#8221; _builder_version=&#8221;4.21.0&#8243; _module_preset=&#8221;5ff55506-da7d-4dd7-b409-9d62c7203201&#8243; text_font=&#8221;Lato|700|||||||&#8221; text_text_color=&#8221;#000000&#8243; text_font_size=&#8221;16px&#8221; text_line_height=&#8221;1.8em&#8221; link_text_color=&#8221;#FF5D67&#8243; max_width=&#8221;650px&#8221; module_alignment=&#8221;left&#8221; text_font_size_tablet=&#8221;15px&#8221; text_font_size_phone=&#8221;14px&#8221; text_font_size_last_edited=&#8221;on|phone&#8221; header_font_size_tablet=&#8221;55px&#8221; header_font_size_last_edited=&#8221;off|desktop&#8221; global_colors_info=&#8221;{%22gcid-8b305f9d-4844-4604-ba06-445166ebe5d6%22:%91%22text_text_color%22%93}&#8221;]<\/p>\n<p>Skontaktuj si\u0119 z nami! Z przyjemno\u015bci\u0105 odpowiemy na wszystkie Twoje pytania i w\u0105tpliwo\u015bci \ud83d\ude42<\/p>\n<p>[\/et_pb_text][et_pb_button button_url=&#8221;@ET-DC@eyJkeW5hbWljIjp0cnVlLCJjb250ZW50IjoicG9zdF9saW5rX3VybF9wYWdlIiwic2V0dGluZ3MiOnsicG9zdF9pZCI6IjE2MyJ9fQ==@&#8221; button_text=&#8221;SKONTAKTUJ SI\u0118 Z NAMI&#8221; _builder_version=&#8221;4.21.0&#8243; _dynamic_attributes=&#8221;button_url&#8221; _module_preset=&#8221;94ef7aca-dcd9-4f9d-93b2-efa3466cebc7&#8243; custom_button=&#8221;on&#8221; button_text_size=&#8221;14px&#8221; button_text_color=&#8221;#FFFFFF&#8221; button_bg_color=&#8221;#FF87B4&#8243; button_bg_enable_image=&#8221;off&#8221; button_border_width=&#8221;0px&#8221; button_border_color=&#8221;#FFFFFF&#8221; button_border_radius=&#8221;100px&#8221; button_letter_spacing=&#8221;1px&#8221; button_font=&#8221;Lato|800||on|||||&#8221; custom_padding=&#8221;16px|20px|16px|20px|true|true&#8221; box_shadow_style=&#8221;preset2&#8243; box_shadow_color=&#8221;rgba(21,65,74,0.24)&#8221; global_colors_info=&#8221;{}&#8221; button_border_width__hover_enabled=&#8221;off|desktop&#8221; button_border_width__hover=&#8221;5px&#8221;][\/et_pb_button][\/et_pb_column][\/et_pb_row][\/et_pb_section]<\/p>\n","protected":false},"excerpt":{"rendered":"<p>Najcz\u0119\u015bciej zadawane pytaniaZapraszamy maluszki ju\u017c od 2,5 roku \u017cycia.Czesne uzale\u017cnione jest od ilo\u015bci godzin, jakie sp\u0119dza dziecko w przedszkolu. Pobyt ca\u0142odzienny: 700 z\u0142. Pobyt 6cio godzinny: 500 z\u0142. Dzienna stawka wy\u017cywienia: 19 z\u0142. *zni\u017cka dla rodze\u0144stwa: -100 z\u0142. na drugie dziecko. * przy zapisie dziecka obowi\u0105zuje wpisowe (jednorazowe, bezzwrotne) w wysoko\u015bci 500 z\u0142. *wyprawka: 100 [&hellip;]<\/p>\n","protected":false},"author":1,"featured_media":0,"parent":47,"menu_order":8,"comment_status":"closed","ping_status":"closed","template":"","meta":{"_et_pb_use_builder":"on","_et_pb_old_content":"","_et_gb_content_width":"","footnotes":""},"class_list":["post-252","page","type-page","status-publish","hentry"],"_links":{"self":[{"href":"https:\/\/robus.pl\/index.php?rest_route=\/wp\/v2\/pages\/252","targetHints":{"allow":["GET"]}}],"collection":[{"href":"https:\/\/robus.pl\/index.php?rest_route=\/wp\/v2\/pages"}],"about":[{"href":"https:\/\/robus.pl\/index.php?rest_route=\/wp\/v2\/types\/page"}],"author":[{"embeddable":true,"href":"https:\/\/robus.pl\/index.php?rest_route=\/wp\/v2\/users\/1"}],"replies":[{"embeddable":true,"href":"https:\/\/robus.pl\/index.php?rest_route=%2Fwp%2Fv2%2Fcomments&post=252"}],"version-history":[{"count":27,"href":"https:\/\/robus.pl\/index.php?rest_route=\/wp\/v2\/pages\/252\/revisions"}],"predecessor-version":[{"id":751,"href":"https:\/\/robus.pl\/index.php?rest_route=\/wp\/v2\/pages\/252\/revisions\/751"}],"up":[{"embeddable":true,"href":"https:\/\/robus.pl\/index.php?rest_route=\/wp\/v2\/pages\/47"}],"wp:attachment":[{"href":"https:\/\/robus.pl\/index.php?rest_route=%2Fwp%2Fv2%2Fmedia&parent=252"}],"curies":[{"name":"wp","href":"https:\/\/api.w.org\/{rel}","templated":true}]}}