{"id":237,"date":"2023-06-21T12:30:20","date_gmt":"2023-06-21T10:30:20","guid":{"rendered":"https:\/\/robus.pl\/?page_id=237"},"modified":"2023-06-23T22:43:37","modified_gmt":"2023-06-23T20:43:37","slug":"wyzywienie","status":"publish","type":"page","link":"https:\/\/robus.pl\/?page_id=237","title":{"rendered":"Wy\u017cywienie"},"content":{"rendered":"<p>[et_pb_section fb_built=&#8221;1&#8243; prev_background_color=&#8221;#ffffff&#8221; admin_label=&#8221;Header&#8221; _builder_version=&#8221;4.21.0&#8243; _module_preset=&#8221;default&#8221; background_color=&#8221;#EFB4CA&#8221; background_image=&#8221;http:\/\/robus.pl\/wp-content\/uploads\/2023\/06\/Bez-tytulu-Zdjecie-w-tle-na-Facebooka-2.png&#8221; background_blend=&#8221;overlay&#8221; custom_padding=&#8221;||0px|||&#8221; top_divider_style=&#8221;mountains&#8221; bottom_divider_color=&#8221;#FFFFFF&#8221; global_colors_info=&#8221;{%22gcid-bafd0c31-2a11-4c7d-b3a8-caae4a4218d9%22:%91%22background_color%22%93}&#8221;][et_pb_row _builder_version=&#8221;4.21.0&#8243; _module_preset=&#8221;default&#8221; z_index=&#8221;10&#8243; global_colors_info=&#8221;{}&#8221;][et_pb_column type=&#8221;4_4&#8243; _builder_version=&#8221;4.21.0&#8243; _module_preset=&#8221;default&#8221; custom_padding=&#8221;10%||||false|false&#8221; global_colors_info=&#8221;{}&#8221;][et_pb_text content_tablet=&#8221;<\/p>\n<h1 style=%22text-align: center;%22>Wy\u017cywienie<\/h1>\n<p>&#8221; content_phone=&#8221;<\/p>\n<h1 style=%22text-align: center;%22>Wy\u017cywienie<\/h1>\n<p>&#8221; content_last_edited=&#8221;on|desktop&#8221; _builder_version=&#8221;4.21.0&#8243; _module_preset=&#8221;e864d11f-3dab-4fa3-ac06-4f0e1a260807&#8243; text_font=&#8221;Montserrat||||||||&#8221; text_font_size=&#8221;26px&#8221; header_font=&#8221;Bodoni Moda|700|||||||&#8221; header_text_color=&#8221;#FFFFFF&#8221; header_font_size=&#8221;63px&#8221; header_line_height=&#8221;1.1em&#8221; width=&#8221;100%&#8221; max_width=&#8221;100%&#8221; custom_margin=&#8221;||10px||false|false&#8221; header_font_size_tablet=&#8221;73px&#8221; header_font_size_phone=&#8221;31px&#8221; header_font_size_last_edited=&#8221;on|tablet&#8221; locked=&#8221;off&#8221; global_colors_info=&#8221;{}&#8221;]<\/p>\n<h1 style=\"text-align: center;\">Wy\u017cywienie<\/h1>\n<p>[\/et_pb_text][\/et_pb_column][\/et_pb_row][\/et_pb_section][et_pb_section fb_built=&#8221;1&#8243; _builder_version=&#8221;4.21.0&#8243; _module_preset=&#8221;default&#8221; global_colors_info=&#8221;{}&#8221;][et_pb_row column_structure=&#8221;1_2,1_2&#8243; _builder_version=&#8221;4.21.0&#8243; _module_preset=&#8221;default&#8221; animation_style=&#8221;fade&#8221; global_colors_info=&#8221;{}&#8221;][et_pb_column type=&#8221;1_2&#8243; _builder_version=&#8221;4.21.0&#8243; _module_preset=&#8221;default&#8221; global_colors_info=&#8221;{}&#8221;][et_pb_image src=&#8221;http:\/\/robus.pl\/wp-content\/uploads\/2023\/06\/23759A49-803B-4A42-876E-A791270C344D.png&#8221; title_text=&#8221;23759A49-803B-4A42-876E-A791270C344D&#8221; _builder_version=&#8221;4.21.0&#8243; _module_preset=&#8221;default&#8221; global_colors_info=&#8221;{}&#8221;][\/et_pb_image][\/et_pb_column][et_pb_column type=&#8221;1_2&#8243; _builder_version=&#8221;4.21.0&#8243; _module_preset=&#8221;default&#8221; global_colors_info=&#8221;{}&#8221;][et_pb_text _builder_version=&#8221;4.21.0&#8243; _module_preset=&#8221;default&#8221; text_font=&#8221;Lato||||||||&#8221; text_text_color=&#8221;#000000&#8243; global_colors_info=&#8221;{}&#8221;]<\/p>\n<p><b>Wy\u017cywienie w naszym przedszkolu oddajemy w r\u0119ce specjalist\u00f3w &#8211; ka\u017cdego dnia dostajemy \u015bwie\u017ce posi\u0142ki od Cateringu Wersal, kt\u00f3ry dok\u0142ada wszelkich stara\u0144, aby posi\u0142ki by\u0142y zdrowe, kolorowe i po\u017cywne.\u00a0<\/b><\/p>\n<p>Catering, z kt\u00f3rym wsp\u00f3\u0142pracujemy daje gwarancj\u0119 wysokiej jako\u015bci serwowanych posi\u0142k\u00f3w, uwielbianych przez dzieci.<\/p>\n<p>[\/et_pb_text][et_pb_button button_url=&#8221;http:\/\/www.wersalcateringforkids.pl\/&#8221; url_new_window=&#8221;on&#8221; button_text=&#8221;POZNAJ CATERING WERSAL&#8221; _builder_version=&#8221;4.21.0&#8243; _module_preset=&#8221;default&#8221; custom_button=&#8221;on&#8221; button_text_color=&#8221;#FFFFFF&#8221; button_bg_color=&#8221;#FF87B4&#8243; button_border_width=&#8221;1px&#8221; button_border_radius=&#8221;100px&#8221; button_font=&#8221;Lato|700|||||||&#8221; box_shadow_style=&#8221;preset1&#8243; global_colors_info=&#8221;{}&#8221;][\/et_pb_button][\/et_pb_column][\/et_pb_row][et_pb_row column_structure=&#8221;1_2,1_2&#8243; _builder_version=&#8221;4.21.0&#8243; _module_preset=&#8221;default&#8221; animation_style=&#8221;fade&#8221; global_colors_info=&#8221;{}&#8221;][et_pb_column type=&#8221;1_2&#8243; _builder_version=&#8221;4.21.0&#8243; _module_preset=&#8221;default&#8221; box_shadow_style=&#8221;preset1&#8243; global_colors_info=&#8221;{}&#8221;][et_pb_blurb title=&#8221;Co w przypadku, gdy dziecko ma zalecon\u0105 specjaln\u0105 diet\u0119?&#8221; use_icon=&#8221;on&#8221; font_icon=&#8221;&#xf059;||fa||400&#8243; icon_color=&#8221;#8300E9&#8243; content_tablet=&#8221;<\/p>\n<p class=%22p1%22 style=%22text-align: center;%22>Nie<span class=%22s1%22> jest to \u017cadnym<\/span> problemem.<span class=%22s1%22> \ud83d\ude42 We wsp\u00f3\u0142pracy z Cateringiem Wersal jeste\u015bmy w stanie sprosta\u0107 wszystkim dietom oraz wykluczeniom.<\/span><\/p>\n<p>&#8221; content_phone=&#8221;<\/p>\n<p class=%22p1%22 style=%22text-align: center;%22>Nie<span class=%22s1%22> jest to \u017cadnym<\/span> problemem.<span class=%22s1%22> \ud83d\ude42 We wsp\u00f3\u0142pracy z Cateringiem Wersal jeste\u015bmy w stanie sprosta\u0107 wszystkim dietom oraz wykluczeniom.<\/span><\/p>\n<p>&#8221; content_last_edited=&#8221;on|phone&#8221; _builder_version=&#8221;4.21.0&#8243; _module_preset=&#8221;default&#8221; header_font=&#8221;Lato|700|||||||&#8221; header_text_align=&#8221;center&#8221; header_text_color=&#8221;#8300E9&#8243; header_font_size=&#8221;20px&#8221; body_font=&#8221;Lato||||||||&#8221; body_text_color=&#8221;#000000&#8243; body_font_size=&#8221;16px&#8221; background_color=&#8221;rgba(239,180,202,0.44)&#8221; box_shadow_style=&#8221;preset2&#8243; global_colors_info=&#8221;{}&#8221;]<\/p>\n<p class=\"p1\" style=\"text-align: center;\">Nie<span class=\"s1\"> jest to \u017cadnym<\/span> problemem.<span class=\"s1\"> \ud83d\ude42 We wsp\u00f3\u0142pracy z Cateringiem Wersal jeste\u015bmy w stanie sprosta\u0107 wszystkim dietom oraz wykluczeniom.<\/span><\/p>\n<p>[\/et_pb_blurb][\/et_pb_column][et_pb_column type=&#8221;1_2&#8243; _builder_version=&#8221;4.21.0&#8243; _module_preset=&#8221;default&#8221; box_shadow_style=&#8221;preset1&#8243; global_colors_info=&#8221;{}&#8221;][et_pb_blurb title=&#8221;Co w przypadku, gdy dziecko ma du\u017c\u0105 wybi\u00f3rczo\u015b\u0107 pokarmow\u0105 lub neofobi\u0119 \u017cywieniow\u0105?&#8221; use_icon=&#8221;on&#8221; font_icon=&#8221;&#xf059;||fa||400&#8243; icon_color=&#8221;#8300E9&#8243; _builder_version=&#8221;4.21.0&#8243; _module_preset=&#8221;default&#8221; header_font=&#8221;Lato|700|||||||&#8221; header_text_align=&#8221;center&#8221; header_text_color=&#8221;#8300E9&#8243; header_font_size=&#8221;20px&#8221; body_font=&#8221;Lato||||||||&#8221; body_text_color=&#8221;#000000&#8243; body_font_size=&#8221;16px&#8221; background_color=&#8221;rgba(177,213,239,0.5)&#8221; box_shadow_style=&#8221;preset2&#8243; global_colors_info=&#8221;{}&#8221;]<\/p>\n<p class=\"p1\" style=\"text-align: center;\">Rozumiemy, \u017ce wybi\u00f3rczo\u015b\u0107 pokarmowa lub neofobia \u017cywieniowa mo\u017ce budzi\u0107 u Pa\u0144stwa obawy. Z naszej strony jeste\u015bmy w temacie \u017cywienia niezwykle elastyczni &#8211; je\u017celi dziecko ma du\u017c\u0105 wybi\u00f3rczo\u015b\u0107 pokarmow\u0105, dzi\u0119ki wsp\u00f3\u0142pracy z Pa\u0144swem jeste\u015bmy w stanie bez problemu wprowadzi\u0107 zmiany w menu w cateringu dla danego dziecka.<\/p>\n<p class=\"p1\" style=\"text-align: center;\">Nie widzimy r\u00f3wnie\u017c przeszk\u00f3d, aby dziecko zabiera\u0142o ze sob\u0105 lunchbox z ulubionymi produktami. Do niczego nie zmuszamy dzieci, proponujemy, zach\u0119camy i dajemy wyb\u00f3r ma\u0142emu cz\u0142owiekowi.<\/p>\n<p class=\"p1\" style=\"text-align: center;\">Z do\u015bwiadczenia jednak wiemy, \u017ce dzi\u0119ki wzajemnej obserwacji, dzieci du\u017co ch\u0119tniej pr\u00f3buj\u0105 nowych smak\u00f3w widz\u0105c, jak koledzy i kole\u017canki robi\u0105 to samo:)<\/p>\n<p class=\"p1\" style=\"text-align: center;\">Opr\u00f3cz &#8220;standardowych&#8221; posi\u0142k\u00f3w, organizujemy zaj\u0119cia KUCHCIKOWO, aby maluchy mia\u0142y mo\u017cliwo\u015b\u0107 uczestniczy\u0107 w procesie tworzenia jedzenia. To wa\u017cny element w budowaniu u dziecka zdrowych nawyk\u00f3w \u017cywieniowych oraz spos\u00f3b zach\u0119cania do pr\u00f3bowania nowych smak\u00f3w.<\/p>\n<p class=\"p1\" style=\"text-align: center;\">Zaj\u0119cia KUCHCIKOWO dodatkowo pobudzaj\u0105 rozw\u00f3j motoryki ma\u0142ej u dzieci (jak np. Dekorowanie ciasteczek) oraz pobudza jego zmys\u0142y (w\u0119ch, smak, dotyk).<\/p>\n<p>[\/et_pb_blurb][\/et_pb_column][\/et_pb_row][\/et_pb_section][et_pb_section fb_built=&#8221;1&#8243; admin_label=&#8221;Footer&#8221; _builder_version=&#8221;4.21.0&#8243; _module_preset=&#8221;default&#8221; background_color=&#8221;#60E2E1&#8243; custom_padding=&#8221;5vw||||false|false&#8221; top_divider_style=&#8221;arrow3&#8243; top_divider_color=&#8221;#FFFFFF&#8221; global_colors_info=&#8221;{%22gcid-bafd0c31-2a11-4c7d-b3a8-caae4a4218d9%22:%91%22background_color%22%93}&#8221;][et_pb_row _builder_version=&#8221;4.21.0&#8243; _module_preset=&#8221;default&#8221; global_colors_info=&#8221;{}&#8221;][et_pb_column type=&#8221;4_4&#8243; _builder_version=&#8221;4.16&#8243; _module_preset=&#8221;default&#8221; global_colors_info=&#8221;{}&#8221;][et_pb_text _builder_version=&#8221;4.21.0&#8243; _module_preset=&#8221;df96b77a-cd4f-44a8-a771-2d6347592b53&#8243; header_font=&#8221;Bodoni Moda||||||||&#8221; header_text_color=&#8221;#FF87B4&#8243; header_2_font=&#8221;Heebo|700|||||||&#8221; header_2_text_color=&#8221;#15414a&#8221; header_2_font_size=&#8221;55px&#8221; header_2_line_height=&#8221;1.1em&#8221; custom_margin=&#8221;||10px||false|false&#8221; header_2_font_size_tablet=&#8221;32px&#8221; header_2_font_size_phone=&#8221;20px&#8221; header_2_font_size_last_edited=&#8221;on|desktop&#8221; global_colors_info=&#8221;{}&#8221;]<\/p>\n<h2><span style=\"color: #ffffff;\">Poznajmy si\u0119 osobi\u015bcie!<\/span><\/h2>\n<p>[\/et_pb_text][et_pb_text content_tablet=&#8221;<\/p>\n<p style=%22text-align: left;%22>Je\u017celi chcieliby\u015bcie pozna\u0107 nas osobi\u015bcie &#8211; <strong>zapraszamy!<\/strong> W ka\u017cdej chwili mo\u017cemy um\u00f3wi\u0107 si\u0119 z Wami i Waszym Maluchem, aby\u015bcie poznali nasze przedszkole od \u015brodka.<\/p>\n<p style=%22text-align: left;%22>Wystarczy, \u017ce do nas zadzwonisz\/napiszesz \ud83d\ude42<\/p>\n<p style=%22text-align: left;%22><strong>Zobacz te\u017c odpowiedzi na najcz\u0119\u015bciej zadawane nam pytania.<\/strong><\/p>\n<p>&#8221; content_phone=&#8221;<\/p>\n<p style=%22text-align: left;%22>Je\u017celi chcieliby\u015bcie pozna\u0107 nas osobi\u015bcie &#8211; <strong>zapraszamy!<\/strong> W ka\u017cdej chwili mo\u017cemy um\u00f3wi\u0107 si\u0119 z Wami i Waszym Maluchem, aby\u015bcie poznali nasze przedszkole od \u015brodka.<\/p>\n<p style=%22text-align: left;%22>Wystarczy, \u017ce do nas zadzwonisz\/napiszesz \ud83d\ude42<\/p>\n<p style=%22text-align: left;%22><strong>Zobacz te\u017c odpowiedzi na najcz\u0119\u015bciej zadawane nam pytania.<\/strong><\/p>\n<p>&#8221; content_last_edited=&#8221;on|phone&#8221; _builder_version=&#8221;4.21.0&#8243; _module_preset=&#8221;5ff55506-da7d-4dd7-b409-9d62c7203201&#8243; text_font=&#8221;Lato||||||||&#8221; text_text_color=&#8221;#000000&#8243; text_font_size=&#8221;16px&#8221; text_line_height=&#8221;1.8em&#8221; link_text_color=&#8221;#FF5D67&#8243; max_width=&#8221;650px&#8221; module_alignment=&#8221;left&#8221; text_font_size_tablet=&#8221;15px&#8221; text_font_size_phone=&#8221;14px&#8221; text_font_size_last_edited=&#8221;on|phone&#8221; header_font_size_tablet=&#8221;55px&#8221; header_font_size_last_edited=&#8221;off|desktop&#8221; global_colors_info=&#8221;{%22gcid-8b305f9d-4844-4604-ba06-445166ebe5d6%22:%91%22text_text_color%22%93}&#8221;]<\/p>\n<p>Je\u017celi chcieliby\u015bcie pozna\u0107 nas osobi\u015bcie &#8211; <strong>zapraszamy!<\/strong> W ka\u017cdej chwili mo\u017cemy um\u00f3wi\u0107 si\u0119 z Wami i Waszym Maluchem, aby\u015bcie poznali nasze przedszkole od \u015brodka.<\/p>\n<p style=\"text-align: left;\">Wystarczy, \u017ce do nas zadzwonisz\/napiszesz \ud83d\ude42<\/p>\n<p style=\"text-align: left;\"><strong>Zobacz te\u017c odpowiedzi na najcz\u0119\u015bciej zadawane nam pytania.<\/strong><\/p>\n<p>[\/et_pb_text][et_pb_button button_url=&#8221;@ET-DC@eyJkeW5hbWljIjp0cnVlLCJjb250ZW50IjoicG9zdF9saW5rX3VybF9wYWdlIiwic2V0dGluZ3MiOnsicG9zdF9pZCI6IjI1MiJ9fQ==@&#8221; button_text=&#8221;NAJCZ\u0118\u015aCIEJ ZADAWANE PYTANIA&#8221; _builder_version=&#8221;4.21.0&#8243; _dynamic_attributes=&#8221;button_url&#8221; _module_preset=&#8221;94ef7aca-dcd9-4f9d-93b2-efa3466cebc7&#8243; custom_button=&#8221;on&#8221; button_text_size=&#8221;14px&#8221; button_text_color=&#8221;#FFFFFF&#8221; button_bg_color=&#8221;#FF87B4&#8243; button_bg_enable_image=&#8221;off&#8221; button_border_width=&#8221;0px&#8221; button_border_color=&#8221;#FFFFFF&#8221; button_border_radius=&#8221;100px&#8221; button_letter_spacing=&#8221;1px&#8221; button_font=&#8221;Lato|800||on|||||&#8221; custom_padding=&#8221;16px|20px|16px|20px|true|true&#8221; box_shadow_style=&#8221;preset1&#8243; box_shadow_color=&#8221;rgba(21,65,74,0.24)&#8221; global_colors_info=&#8221;{}&#8221; button_border_width__hover_enabled=&#8221;off|desktop&#8221; button_border_width__hover=&#8221;5px&#8221;][\/et_pb_button][\/et_pb_column][\/et_pb_row][\/et_pb_section]<\/p>\n","protected":false},"excerpt":{"rendered":"<p>Wy\u017cywienieWy\u017cywienie w naszym przedszkolu oddajemy w r\u0119ce specjalist\u00f3w &#8211; ka\u017cdego dnia dostajemy \u015bwie\u017ce posi\u0142ki od Cateringu Wersal, kt\u00f3ry dok\u0142ada wszelkich stara\u0144, aby posi\u0142ki by\u0142y zdrowe, kolorowe i po\u017cywne.\u00a0 Catering, z kt\u00f3rym wsp\u00f3\u0142pracujemy daje gwarancj\u0119 wysokiej jako\u015bci serwowanych posi\u0142k\u00f3w, uwielbianych przez dzieci.Nie jest to \u017cadnym problemem. \ud83d\ude42 We wsp\u00f3\u0142pracy z Cateringiem Wersal jeste\u015bmy w stanie sprosta\u0107 [&hellip;]<\/p>\n","protected":false},"author":1,"featured_media":0,"parent":47,"menu_order":4,"comment_status":"closed","ping_status":"closed","template":"","meta":{"_et_pb_use_builder":"on","_et_pb_old_content":"","_et_gb_content_width":"","footnotes":""},"class_list":["post-237","page","type-page","status-publish","hentry"],"_links":{"self":[{"href":"https:\/\/robus.pl\/index.php?rest_route=\/wp\/v2\/pages\/237","targetHints":{"allow":["GET"]}}],"collection":[{"href":"https:\/\/robus.pl\/index.php?rest_route=\/wp\/v2\/pages"}],"about":[{"href":"https:\/\/robus.pl\/index.php?rest_route=\/wp\/v2\/types\/page"}],"author":[{"embeddable":true,"href":"https:\/\/robus.pl\/index.php?rest_route=\/wp\/v2\/users\/1"}],"replies":[{"embeddable":true,"href":"https:\/\/robus.pl\/index.php?rest_route=%2Fwp%2Fv2%2Fcomments&post=237"}],"version-history":[{"count":13,"href":"https:\/\/robus.pl\/index.php?rest_route=\/wp\/v2\/pages\/237\/revisions"}],"predecessor-version":[{"id":676,"href":"https:\/\/robus.pl\/index.php?rest_route=\/wp\/v2\/pages\/237\/revisions\/676"}],"up":[{"embeddable":true,"href":"https:\/\/robus.pl\/index.php?rest_route=\/wp\/v2\/pages\/47"}],"wp:attachment":[{"href":"https:\/\/robus.pl\/index.php?rest_route=%2Fwp%2Fv2%2Fmedia&parent=237"}],"curies":[{"name":"wp","href":"https:\/\/api.w.org\/{rel}","templated":true}]}}