{"id":235,"date":"2023-06-21T12:30:05","date_gmt":"2023-06-21T10:30:05","guid":{"rendered":"https:\/\/robus.pl\/?page_id=235"},"modified":"2023-06-23T22:44:41","modified_gmt":"2023-06-23T20:44:41","slug":"adaptacja","status":"publish","type":"page","link":"https:\/\/robus.pl\/?page_id=235","title":{"rendered":"Adaptacja"},"content":{"rendered":"<p>[et_pb_section fb_built=&#8221;1&#8243; prev_background_color=&#8221;#ffffff&#8221; admin_label=&#8221;Header&#8221; _builder_version=&#8221;4.21.0&#8243; _module_preset=&#8221;default&#8221; background_color=&#8221;#EFB4CA&#8221; background_image=&#8221;http:\/\/robus.pl\/wp-content\/uploads\/2023\/06\/Bez-tytulu-Zdjecie-w-tle-na-Facebooka-2.png&#8221; background_blend=&#8221;overlay&#8221; custom_padding=&#8221;||0px|||&#8221; top_divider_style=&#8221;mountains&#8221; bottom_divider_color=&#8221;#FFFFFF&#8221; global_colors_info=&#8221;{%22gcid-bafd0c31-2a11-4c7d-b3a8-caae4a4218d9%22:%91%22background_color%22%93}&#8221;][et_pb_row _builder_version=&#8221;4.21.0&#8243; _module_preset=&#8221;default&#8221; z_index=&#8221;10&#8243; global_colors_info=&#8221;{}&#8221;][et_pb_column type=&#8221;4_4&#8243; _builder_version=&#8221;4.21.0&#8243; _module_preset=&#8221;default&#8221; custom_padding=&#8221;10%||||false|false&#8221; global_colors_info=&#8221;{}&#8221;][et_pb_text content_tablet=&#8221;<\/p>\n<h1 style=%22text-align: center;%22>Adaptacja<\/h1>\n<p>&#8221; content_phone=&#8221;<\/p>\n<h1 style=%22text-align: center;%22>Adaptacja<\/h1>\n<p>&#8221; content_last_edited=&#8221;on|phone&#8221; _builder_version=&#8221;4.21.0&#8243; _module_preset=&#8221;e864d11f-3dab-4fa3-ac06-4f0e1a260807&#8243; text_font=&#8221;Montserrat||||||||&#8221; text_font_size=&#8221;22px&#8221; header_font=&#8221;Bodoni Moda|700|||||||&#8221; header_text_color=&#8221;#FFFFFF&#8221; header_font_size=&#8221;65px&#8221; header_line_height=&#8221;1.1em&#8221; width=&#8221;100%&#8221; max_width=&#8221;100%&#8221; custom_margin=&#8221;||10px||false|false&#8221; hover_enabled=&#8221;0&#8243; header_font_size_tablet=&#8221;73px&#8221; header_font_size_phone=&#8221;43px&#8221; header_font_size_last_edited=&#8221;on|desktop&#8221; locked=&#8221;off&#8221; global_colors_info=&#8221;{}&#8221; sticky_enabled=&#8221;0&#8243;]<\/p>\n<h1 style=\"text-align: center;\">Adaptacja<\/h1>\n<p>[\/et_pb_text][\/et_pb_column][\/et_pb_row][\/et_pb_section][et_pb_section fb_built=&#8221;1&#8243; _builder_version=&#8221;4.21.0&#8243; _module_preset=&#8221;default&#8221; global_colors_info=&#8221;{}&#8221;][et_pb_row column_structure=&#8221;1_2,1_2&#8243; _builder_version=&#8221;4.21.0&#8243; _module_preset=&#8221;default&#8221; global_colors_info=&#8221;{}&#8221;][et_pb_column type=&#8221;1_2&#8243; _builder_version=&#8221;4.21.0&#8243; _module_preset=&#8221;default&#8221; global_colors_info=&#8221;{}&#8221;][et_pb_image src=&#8221;http:\/\/robus.pl\/wp-content\/uploads\/2023\/06\/5.png&#8221; title_text=&#8221;5&#8243; _builder_version=&#8221;4.21.0&#8243; _module_preset=&#8221;default&#8221; global_colors_info=&#8221;{}&#8221;][\/et_pb_image][\/et_pb_column][et_pb_column type=&#8221;1_2&#8243; _builder_version=&#8221;4.21.0&#8243; _module_preset=&#8221;default&#8221; global_colors_info=&#8221;{}&#8221;][et_pb_text _builder_version=&#8221;4.21.0&#8243; _module_preset=&#8221;default&#8221; text_font=&#8221;Lato||||||||&#8221; text_text_color=&#8221;#000000&#8243; global_colors_info=&#8221;{}&#8221;]<\/p>\n<p><strong>Udana i spokojna adaptacja przedszkolna jest kluczowa w budowaniu poczuciu bezpiecze\u0144swa u dziecka.<\/strong><\/p>\n<p>Nawi\u0105zanie relacji z osobami pracuj\u0105cymi w przedszkolu jest bardzo istotne, <strong>aby maluch poczu\u0142 si\u0119 bezpiecznie.<\/strong><\/p>\n<p><strong>Nie mamy sztywnych regu\u0142 w adaptacji.<\/strong> <span>Wierzymy, \u017ce to proces, kt\u00f3rego przebieg dla ka\u017cdego dziecka trwa dok\u0142adnie tyle, ile ono potrzebuje, \u017ceby poczu\u0107 si\u0119 dobrze w nowym miejscu, zostaj\u0105c w nim bez rodzica. W przypadku jednego dziecka b\u0119dzie to zaledwie dzie\u0144-dwa, podczas gdy inne dziecko b\u0119dzie tego czasu potrzebowa\u0142o du\u017co wi\u0119cej. I to jest okej! \ud83d\ude42<\/span><\/p>\n<p><span>Doskonale rozumiemy, \u017ce i dla dziecka, i dla Pa\u0144stwa <strong>moment pierwszej roz\u0142\u0105ki jest trudny,<\/strong> dlatego chcemy ten proces zostawi\u0107 w Waszych r\u0119kach &#8211;<strong> z nasz\u0105 pomoc\u0105 i wsparciem.<\/strong> Jeste\u015bmy otwarci na Wasze potrzeby, czas i mo\u017cliwo\u015bci.\u00a0<\/span><\/p>\n<p><span><strong>Adaptacj\u0119 rozpocz\u0105\u0107 mo\u017cecie Pa\u0144stwo w ka\u017cdym momencie w ci\u0105gu trwania roku.<\/strong>\u00a0<\/span><\/p>\n<p><span><strong>Nie wymagamy r\u00f3wnie\u017c od dziecka pe\u0142nej samodzielno\u015bci, ani odpieluchowania.<\/strong> Dzieci r\u00f3\u017cni\u0105 si\u0119 od siebie nie tylko charakterem i indywidualnymi potrzebami, ale r\u00f3wnie\u017c samodzielno\u015bci\u0105. Pomo\u017cemy w nauce samodzielno\u015bci.\u00a0<\/span><\/p>\n<p><span>Jeste\u015bmy tu dla dzieci i dla Pa\u0144stwa. \ud83d\ude42<\/span><\/p>\n<p>[\/et_pb_text][\/et_pb_column][\/et_pb_row][\/et_pb_section][et_pb_section fb_built=&#8221;1&#8243; admin_label=&#8221;Footer&#8221; _builder_version=&#8221;4.21.0&#8243; _module_preset=&#8221;default&#8221; background_color=&#8221;#60E2E1&#8243; custom_padding=&#8221;5vw||||false|false&#8221; top_divider_style=&#8221;arrow3&#8243; top_divider_color=&#8221;#FFFFFF&#8221; global_colors_info=&#8221;{%22gcid-bafd0c31-2a11-4c7d-b3a8-caae4a4218d9%22:%91%22background_color%22%93}&#8221;][et_pb_row _builder_version=&#8221;4.21.0&#8243; _module_preset=&#8221;default&#8221; global_colors_info=&#8221;{}&#8221;][et_pb_column type=&#8221;4_4&#8243; _builder_version=&#8221;4.16&#8243; _module_preset=&#8221;default&#8221; global_colors_info=&#8221;{}&#8221;][et_pb_text _builder_version=&#8221;4.21.0&#8243; _module_preset=&#8221;df96b77a-cd4f-44a8-a771-2d6347592b53&#8243; header_font=&#8221;Bodoni Moda||||||||&#8221; header_text_color=&#8221;#FF87B4&#8243; header_2_font=&#8221;Heebo|700|||||||&#8221; header_2_text_color=&#8221;#15414a&#8221; header_2_font_size=&#8221;55px&#8221; header_2_line_height=&#8221;1.1em&#8221; custom_margin=&#8221;||10px||false|false&#8221; header_2_font_size_tablet=&#8221;32px&#8221; header_2_font_size_phone=&#8221;20px&#8221; header_2_font_size_last_edited=&#8221;on|desktop&#8221; global_colors_info=&#8221;{}&#8221;]<\/p>\n<h2><span style=\"color: #ffffff;\">Poznajmy si\u0119 osobi\u015bcie!<\/span><\/h2>\n<p>[\/et_pb_text][et_pb_text content_tablet=&#8221;<\/p>\n<p style=%22text-align: left;%22>Je\u017celi chcieliby\u015bcie pozna\u0107 nas osobi\u015bcie &#8211; <strong>zapraszamy!<\/strong> W ka\u017cdej chwili mo\u017cemy um\u00f3wi\u0107 si\u0119 z Wami i Waszym Maluchem, aby\u015bcie poznali nasze przedszkole od \u015brodka.<\/p>\n<p style=%22text-align: left;%22>Wystarczy, \u017ce do nas zadzwonisz\/napiszesz \ud83d\ude42<\/p>\n<p style=%22text-align: left;%22><strong>Zobacz te\u017c odpowiedzi na najcz\u0119\u015bciej zadawane nam pytania.<\/strong><\/p>\n<p>&#8221; content_phone=&#8221;<\/p>\n<p style=%22text-align: left;%22>Je\u017celi chcieliby\u015bcie pozna\u0107 nas osobi\u015bcie &#8211; <strong>zapraszamy!<\/strong> W ka\u017cdej chwili mo\u017cemy um\u00f3wi\u0107 si\u0119 z Wami i Waszym Maluchem, aby\u015bcie poznali nasze przedszkole od \u015brodka.<\/p>\n<p style=%22text-align: left;%22>Wystarczy, \u017ce do nas zadzwonisz\/napiszesz \ud83d\ude42<\/p>\n<p style=%22text-align: left;%22><strong>Zobacz te\u017c odpowiedzi na najcz\u0119\u015bciej zadawane nam pytania.<\/strong><\/p>\n<p>&#8221; content_last_edited=&#8221;on|phone&#8221; _builder_version=&#8221;4.21.0&#8243; _module_preset=&#8221;5ff55506-da7d-4dd7-b409-9d62c7203201&#8243; text_font=&#8221;Lato||||||||&#8221; text_text_color=&#8221;#000000&#8243; text_font_size=&#8221;16px&#8221; text_line_height=&#8221;1.8em&#8221; link_text_color=&#8221;#FF5D67&#8243; max_width=&#8221;650px&#8221; module_alignment=&#8221;left&#8221; text_font_size_tablet=&#8221;15px&#8221; text_font_size_phone=&#8221;14px&#8221; text_font_size_last_edited=&#8221;on|phone&#8221; header_font_size_tablet=&#8221;55px&#8221; header_font_size_last_edited=&#8221;off|desktop&#8221; global_colors_info=&#8221;{%22gcid-8b305f9d-4844-4604-ba06-445166ebe5d6%22:%91%22text_text_color%22%93}&#8221;]<\/p>\n<p>Je\u017celi chcieliby\u015bcie pozna\u0107 nas osobi\u015bcie &#8211; <strong>zapraszamy!<\/strong> W ka\u017cdej chwili mo\u017cemy um\u00f3wi\u0107 si\u0119 z Wami i Waszym Maluchem, aby\u015bcie poznali nasze przedszkole od \u015brodka.<\/p>\n<p style=\"text-align: left;\">Wystarczy, \u017ce do nas zadzwonisz\/napiszesz \ud83d\ude42<\/p>\n<p style=\"text-align: left;\"><strong>Zobacz te\u017c odpowiedzi na najcz\u0119\u015bciej zadawane nam pytania.<\/strong><\/p>\n<p>[\/et_pb_text][et_pb_button button_url=&#8221;@ET-DC@eyJkeW5hbWljIjp0cnVlLCJjb250ZW50IjoicG9zdF9saW5rX3VybF9wYWdlIiwic2V0dGluZ3MiOnsicG9zdF9pZCI6IjI1MiJ9fQ==@&#8221; button_text=&#8221;NAJCZ\u0118\u015aCIEJ ZADAWANE PYTANIA&#8221; _builder_version=&#8221;4.21.0&#8243; _dynamic_attributes=&#8221;button_url&#8221; _module_preset=&#8221;94ef7aca-dcd9-4f9d-93b2-efa3466cebc7&#8243; custom_button=&#8221;on&#8221; button_text_size=&#8221;14px&#8221; button_text_color=&#8221;#FFFFFF&#8221; button_bg_color=&#8221;#FF87B4&#8243; button_bg_enable_image=&#8221;off&#8221; button_border_width=&#8221;0px&#8221; button_border_color=&#8221;#FFFFFF&#8221; button_border_radius=&#8221;100px&#8221; button_letter_spacing=&#8221;1px&#8221; button_font=&#8221;Lato|800||on|||||&#8221; custom_padding=&#8221;16px|20px|16px|20px|true|true&#8221; box_shadow_style=&#8221;preset1&#8243; box_shadow_color=&#8221;rgba(21,65,74,0.24)&#8221; global_colors_info=&#8221;{}&#8221; button_border_width__hover_enabled=&#8221;off|desktop&#8221; button_border_width__hover=&#8221;5px&#8221;][\/et_pb_button][\/et_pb_column][\/et_pb_row][\/et_pb_section]<\/p>\n","protected":false},"excerpt":{"rendered":"<p>AdaptacjaUdana i spokojna adaptacja przedszkolna jest kluczowa w budowaniu poczuciu bezpiecze\u0144swa u dziecka. Nawi\u0105zanie relacji z osobami pracuj\u0105cymi w przedszkolu jest bardzo istotne, aby maluch poczu\u0142 si\u0119 bezpiecznie. Nie mamy sztywnych regu\u0142 w adaptacji. Wierzymy, \u017ce to proces, kt\u00f3rego przebieg dla ka\u017cdego dziecka trwa dok\u0142adnie tyle, ile ono potrzebuje, \u017ceby poczu\u0107 si\u0119 dobrze w nowym [&hellip;]<\/p>\n","protected":false},"author":1,"featured_media":0,"parent":47,"menu_order":3,"comment_status":"closed","ping_status":"closed","template":"","meta":{"_et_pb_use_builder":"on","_et_pb_old_content":"","_et_gb_content_width":"","footnotes":""},"class_list":["post-235","page","type-page","status-publish","hentry"],"_links":{"self":[{"href":"https:\/\/robus.pl\/index.php?rest_route=\/wp\/v2\/pages\/235","targetHints":{"allow":["GET"]}}],"collection":[{"href":"https:\/\/robus.pl\/index.php?rest_route=\/wp\/v2\/pages"}],"about":[{"href":"https:\/\/robus.pl\/index.php?rest_route=\/wp\/v2\/types\/page"}],"author":[{"embeddable":true,"href":"https:\/\/robus.pl\/index.php?rest_route=\/wp\/v2\/users\/1"}],"replies":[{"embeddable":true,"href":"https:\/\/robus.pl\/index.php?rest_route=%2Fwp%2Fv2%2Fcomments&post=235"}],"version-history":[{"count":9,"href":"https:\/\/robus.pl\/index.php?rest_route=\/wp\/v2\/pages\/235\/revisions"}],"predecessor-version":[{"id":677,"href":"https:\/\/robus.pl\/index.php?rest_route=\/wp\/v2\/pages\/235\/revisions\/677"}],"up":[{"embeddable":true,"href":"https:\/\/robus.pl\/index.php?rest_route=\/wp\/v2\/pages\/47"}],"wp:attachment":[{"href":"https:\/\/robus.pl\/index.php?rest_route=%2Fwp%2Fv2%2Fmedia&parent=235"}],"curies":[{"name":"wp","href":"https:\/\/api.w.org\/{rel}","templated":true}]}}